{"id":1267,"date":"2026-04-03T13:37:03","date_gmt":"2026-04-03T12:37:03","guid":{"rendered":"https:\/\/noam.dk\/?product=the-night-of-the-virgin-dvd"},"modified":"2026-04-08T14:03:13","modified_gmt":"2026-04-08T13:03:13","slug":"the-night-of-the-virgin-dvd","status":"publish","type":"product","link":"https:\/\/noam.dk\/?product=the-night-of-the-virgin-dvd","title":{"rendered":"The Night of the Virgin (DVD)"},"content":{"rendered":"<p><strong>Beskrivelse<\/strong><br \/>\n<strong> En ung mand vil sin jomfruelighed til livs. Til en fest f\u00e5r han \u00f8je p\u00e5 en \u00e6ldre, mystisk kvinde, som med det samme bliver objekt for hans seksuelle behov. Han m\u00e5 have hende, koste hvad det vil. Og koste noget kommer det til\u2026 Der er ikke sparet p\u00e5 kropsv\u00e6sker eller fantasifuld brug af ditto i \u2019The Night of the Virgin\u2019, der uden tvivl vil komme til at st\u00e5 tilbage som en af de mest \u201dlangt ude\u201d film i 2017. F\u00f8rst sent opdager vi, hvad det hele g\u00e5r ud p\u00e5, men da det ikke er m\u00e5let, men rejsen, der er det virkelige trip i denne skr\u00e6kkomedie, betyder det ikke noget. Under alle omst\u00e6ndigheder er der masser af stof til eftertanke, diskussion og farverige mareridt.<\/strong><br \/>\n<strong>Format: DVD <\/strong><br \/>\n<strong>Sprog: Spansk &#8211; Dolby Digital 2.0 &amp; 5.1 <\/strong><br \/>\n<strong>Undertekster: Dansk &amp; Norsk <\/strong><br \/>\n<strong>Spilletid: 114 min<br \/>\nGenre: Horror \/ Splatter \/ Komedie <\/strong><br \/>\n<strong>Produktions\u00e5r: 2016 <\/strong><br \/>\n<strong>Varenr: 5709498017587<\/strong><\/p>\n","protected":false},"excerpt":{"rendered":"<p>BeskrivelseEn ung mand vil sin jomfruelighed til livs. Til en fest f\u00e5r han \u00f8je p\u00e5 en \u00e6ldre, mystisk kvinde, som med det samme bliver objekt for hans seksuelle behov. Han m\u00e5 have hende, koste hvad det<\/p>\n","protected":false},"featured_media":0,"comment_status":"open","ping_status":"closed","template":"","meta":{"site-sidebar-layout":"default","site-content-layout":"","ast-site-content-layout":"default","site-content-style":"default","site-sidebar-style":"default","ast-global-header-display":"","ast-banner-title-visibility":"","ast-main-header-display":"","ast-hfb-above-header-display":"","ast-hfb-below-header-display":"","ast-hfb-mobile-header-display":"","site-post-title":"","ast-breadcrumbs-content":"","ast-featured-img":"","footer-sml-layout":"","ast-disable-related-posts":"","theme-transparent-header-meta":"default","adv-header-id-meta":"","stick-header-meta":"","header-above-stick-meta":"","header-main-stick-meta":"","header-below-stick-meta":"","astra-migrate-meta-layouts":"set","ast-page-background-enabled":"default","ast-page-background-meta":{"desktop":{"background-color":"var(--ast-global-color-5)","background-image":"","background-repeat":"repeat","background-position":"center center","background-size":"auto","background-attachment":"scroll","background-type":"","background-media":"","overlay-type":"","overlay-color":"","overlay-opacity":"","overlay-gradient":""},"tablet":{"background-color":"","background-image":"","background-repeat":"repeat","background-position":"center center","background-size":"auto","background-attachment":"scroll","background-type":"","background-media":"","overlay-type":"","overlay-color":"","overlay-opacity":"","overlay-gradient":""},"mobile":{"background-color":"","background-image":"","background-repeat":"repeat","background-position":"center center","background-size":"auto","background-attachment":"scroll","background-type":"","background-media":"","overlay-type":"","overlay-color":"","overlay-opacity":"","overlay-gradient":""}},"ast-content-background-meta":{"desktop":{"background-color":"var(--ast-global-color-4)","background-image":"","background-repeat":"repeat","background-position":"center center","background-size":"auto","background-attachment":"scroll","background-type":"","background-media":"","overlay-type":"","overlay-color":"","overlay-opacity":"","overlay-gradient":""},"tablet":{"background-color":"var(--ast-global-color-4)","background-image":"","background-repeat":"repeat","background-position":"center center","background-size":"auto","background-attachment":"scroll","background-type":"","background-media":"","overlay-type":"","overlay-color":"","overlay-opacity":"","overlay-gradient":""},"mobile":{"background-color":"var(--ast-global-color-4)","background-image":"","background-repeat":"repeat","background-position":"center center","background-size":"auto","background-attachment":"scroll","background-type":"","background-media":"","overlay-type":"","overlay-color":"","overlay-opacity":"","overlay-gradient":""}}},"product_brand":[],"product_cat":[47,56,61],"product_tag":[],"class_list":{"0":"post-1267","1":"product","2":"type-product","3":"status-publish","5":"product_cat-film","6":"product_cat-gys-horror","7":"product_cat-komedie","8":"desktop-align-left","9":"tablet-align-left","10":"mobile-align-left","12":"first","13":"instock","14":"sold-individually","15":"taxable","16":"shipping-taxable","17":"purchasable","18":"product-type-simple"},"supplier_id":null,"supplier_sku":"","barcode":null,"atum_controlled":true,"out_stock_date":null,"out_stock_threshold":null,"inheritable":false,"inbound_stock":null,"stock_on_hold":null,"sold_today":null,"sales_last_days":null,"reserved_stock":null,"customer_returns":null,"warehouse_damage":null,"lost_in_post":null,"other_logs":null,"out_stock_days":null,"lost_sales":null,"has_location":false,"update_date":"2026-04-08T13:03:14","atum_locations":[],"atum_stock_status":"instock","restock_status":false,"low_stock_amount":"","sales_update_date":null,"calc_backorders":null,"yoast_head":"<!-- This site is optimized with the Yoast SEO plugin v27.3 - https:\/\/yoast.com\/product\/yoast-seo-wordpress\/ -->\n<title>The Night of the Virgin (DVD) - Noam.dk<\/title>\n<meta name=\"robots\" content=\"index, follow, max-snippet:-1, max-image-preview:large, max-video-preview:-1\" \/>\n<link rel=\"canonical\" href=\"https:\/\/noam.dk\/?product=the-night-of-the-virgin-dvd\" \/>\n<meta property=\"og:locale\" content=\"da_DK\" \/>\n<meta property=\"og:type\" content=\"article\" \/>\n<meta property=\"og:title\" content=\"The Night of the Virgin (DVD) - Noam.dk\" \/>\n<meta property=\"og:description\" content=\"BeskrivelseEn ung mand vil sin jomfruelighed til livs. Til en fest f\u00e5r han \u00f8je p\u00e5 en \u00e6ldre, mystisk kvinde, som med det samme bliver objekt for hans seksuelle behov. Han m\u00e5 have hende, koste hvad det\" \/>\n<meta property=\"og:url\" content=\"https:\/\/noam.dk\/?product=the-night-of-the-virgin-dvd\" \/>\n<meta property=\"og:site_name\" content=\"Noam.dk\" \/>\n<meta property=\"article:publisher\" content=\"https:\/\/www.facebook.com\/noamsdk\" \/>\n<meta property=\"article:modified_time\" content=\"2026-04-08T13:03:13+00:00\" \/>\n<meta name=\"twitter:card\" content=\"summary_large_image\" \/>\n<meta name=\"twitter:label1\" content=\"Estimeret l\u00e6setid\" \/>\n\t<meta name=\"twitter:data1\" content=\"1 minut\" \/>\n<script type=\"application\/ld+json\" class=\"yoast-schema-graph\">{\"@context\":\"https:\\\/\\\/schema.org\",\"@graph\":[{\"@type\":\"WebPage\",\"@id\":\"https:\\\/\\\/noam.dk\\\/?product=the-night-of-the-virgin-dvd\",\"url\":\"https:\\\/\\\/noam.dk\\\/?product=the-night-of-the-virgin-dvd\",\"name\":\"The Night of the Virgin (DVD) - Noam.dk\",\"isPartOf\":{\"@id\":\"https:\\\/\\\/noam.dk\\\/#website\"},\"datePublished\":\"2026-04-03T12:37:03+00:00\",\"dateModified\":\"2026-04-08T13:03:13+00:00\",\"breadcrumb\":{\"@id\":\"https:\\\/\\\/noam.dk\\\/?product=the-night-of-the-virgin-dvd#breadcrumb\"},\"inLanguage\":\"da-DK\",\"potentialAction\":[{\"@type\":\"ReadAction\",\"target\":[\"https:\\\/\\\/noam.dk\\\/?product=the-night-of-the-virgin-dvd\"]}]},{\"@type\":\"BreadcrumbList\",\"@id\":\"https:\\\/\\\/noam.dk\\\/?product=the-night-of-the-virgin-dvd#breadcrumb\",\"itemListElement\":[{\"@type\":\"ListItem\",\"position\":1,\"name\":\"Hjem\",\"item\":\"https:\\\/\\\/noam.dk\\\/\"},{\"@type\":\"ListItem\",\"position\":2,\"name\":\"Shop\",\"item\":\"https:\\\/\\\/noam.dk\\\/?page_id=8\"},{\"@type\":\"ListItem\",\"position\":3,\"name\":\"The Night of the Virgin (DVD)\"}]},{\"@type\":\"WebSite\",\"@id\":\"https:\\\/\\\/noam.dk\\\/#website\",\"url\":\"https:\\\/\\\/noam.dk\\\/\",\"name\":\"Noam.dk\",\"description\":\"\",\"publisher\":{\"@id\":\"https:\\\/\\\/noam.dk\\\/#organization\"},\"potentialAction\":[{\"@type\":\"SearchAction\",\"target\":{\"@type\":\"EntryPoint\",\"urlTemplate\":\"https:\\\/\\\/noam.dk\\\/?s={search_term_string}\"},\"query-input\":{\"@type\":\"PropertyValueSpecification\",\"valueRequired\":true,\"valueName\":\"search_term_string\"}}],\"inLanguage\":\"da-DK\"},{\"@type\":\"Organization\",\"@id\":\"https:\\\/\\\/noam.dk\\\/#organization\",\"name\":\"Noam.dk\",\"url\":\"https:\\\/\\\/noam.dk\\\/\",\"logo\":{\"@type\":\"ImageObject\",\"inLanguage\":\"da-DK\",\"@id\":\"https:\\\/\\\/noam.dk\\\/#\\\/schema\\\/logo\\\/image\\\/\",\"url\":\"https:\\\/\\\/noam.dk\\\/wp-content\\\/uploads\\\/2026\\\/04\\\/noams-n-logo.jpg\",\"contentUrl\":\"https:\\\/\\\/noam.dk\\\/wp-content\\\/uploads\\\/2026\\\/04\\\/noams-n-logo.jpg\",\"width\":119,\"height\":108,\"caption\":\"Noam.dk\"},\"image\":{\"@id\":\"https:\\\/\\\/noam.dk\\\/#\\\/schema\\\/logo\\\/image\\\/\"},\"sameAs\":[\"https:\\\/\\\/www.facebook.com\\\/noamsdk\"]}]}<\/script>\n<!-- \/ Yoast SEO plugin. -->","yoast_head_json":{"title":"The Night of the Virgin (DVD) - Noam.dk","robots":{"index":"index","follow":"follow","max-snippet":"max-snippet:-1","max-image-preview":"max-image-preview:large","max-video-preview":"max-video-preview:-1"},"canonical":"https:\/\/noam.dk\/?product=the-night-of-the-virgin-dvd","og_locale":"da_DK","og_type":"article","og_title":"The Night of the Virgin (DVD) - Noam.dk","og_description":"BeskrivelseEn ung mand vil sin jomfruelighed til livs. Til en fest f\u00e5r han \u00f8je p\u00e5 en \u00e6ldre, mystisk kvinde, som med det samme bliver objekt for hans seksuelle behov. Han m\u00e5 have hende, koste hvad det","og_url":"https:\/\/noam.dk\/?product=the-night-of-the-virgin-dvd","og_site_name":"Noam.dk","article_publisher":"https:\/\/www.facebook.com\/noamsdk","article_modified_time":"2026-04-08T13:03:13+00:00","twitter_card":"summary_large_image","twitter_misc":{"Estimeret l\u00e6setid":"1 minut"},"schema":{"@context":"https:\/\/schema.org","@graph":[{"@type":"WebPage","@id":"https:\/\/noam.dk\/?product=the-night-of-the-virgin-dvd","url":"https:\/\/noam.dk\/?product=the-night-of-the-virgin-dvd","name":"The Night of the Virgin (DVD) - Noam.dk","isPartOf":{"@id":"https:\/\/noam.dk\/#website"},"datePublished":"2026-04-03T12:37:03+00:00","dateModified":"2026-04-08T13:03:13+00:00","breadcrumb":{"@id":"https:\/\/noam.dk\/?product=the-night-of-the-virgin-dvd#breadcrumb"},"inLanguage":"da-DK","potentialAction":[{"@type":"ReadAction","target":["https:\/\/noam.dk\/?product=the-night-of-the-virgin-dvd"]}]},{"@type":"BreadcrumbList","@id":"https:\/\/noam.dk\/?product=the-night-of-the-virgin-dvd#breadcrumb","itemListElement":[{"@type":"ListItem","position":1,"name":"Hjem","item":"https:\/\/noam.dk\/"},{"@type":"ListItem","position":2,"name":"Shop","item":"https:\/\/noam.dk\/?page_id=8"},{"@type":"ListItem","position":3,"name":"The Night of the Virgin (DVD)"}]},{"@type":"WebSite","@id":"https:\/\/noam.dk\/#website","url":"https:\/\/noam.dk\/","name":"Noam.dk","description":"","publisher":{"@id":"https:\/\/noam.dk\/#organization"},"potentialAction":[{"@type":"SearchAction","target":{"@type":"EntryPoint","urlTemplate":"https:\/\/noam.dk\/?s={search_term_string}"},"query-input":{"@type":"PropertyValueSpecification","valueRequired":true,"valueName":"search_term_string"}}],"inLanguage":"da-DK"},{"@type":"Organization","@id":"https:\/\/noam.dk\/#organization","name":"Noam.dk","url":"https:\/\/noam.dk\/","logo":{"@type":"ImageObject","inLanguage":"da-DK","@id":"https:\/\/noam.dk\/#\/schema\/logo\/image\/","url":"https:\/\/noam.dk\/wp-content\/uploads\/2026\/04\/noams-n-logo.jpg","contentUrl":"https:\/\/noam.dk\/wp-content\/uploads\/2026\/04\/noams-n-logo.jpg","width":119,"height":108,"caption":"Noam.dk"},"image":{"@id":"https:\/\/noam.dk\/#\/schema\/logo\/image\/"},"sameAs":["https:\/\/www.facebook.com\/noamsdk"]}]}},"jetpack_sharing_enabled":true,"_links":{"self":[{"href":"https:\/\/noam.dk\/index.php?rest_route=\/wp\/v2\/product\/1267","targetHints":{"allow":["GET"]}}],"collection":[{"href":"https:\/\/noam.dk\/index.php?rest_route=\/wp\/v2\/product"}],"about":[{"href":"https:\/\/noam.dk\/index.php?rest_route=\/wp\/v2\/types\/product"}],"replies":[{"embeddable":true,"href":"https:\/\/noam.dk\/index.php?rest_route=%2Fwp%2Fv2%2Fcomments&post=1267"}],"wp:attachment":[{"href":"https:\/\/noam.dk\/index.php?rest_route=%2Fwp%2Fv2%2Fmedia&parent=1267"}],"wp:term":[{"taxonomy":"product_brand","embeddable":true,"href":"https:\/\/noam.dk\/index.php?rest_route=%2Fwp%2Fv2%2Fproduct_brand&post=1267"},{"taxonomy":"product_cat","embeddable":true,"href":"https:\/\/noam.dk\/index.php?rest_route=%2Fwp%2Fv2%2Fproduct_cat&post=1267"},{"taxonomy":"product_tag","embeddable":true,"href":"https:\/\/noam.dk\/index.php?rest_route=%2Fwp%2Fv2%2Fproduct_tag&post=1267"}],"curies":[{"name":"wp","href":"https:\/\/api.w.org\/{rel}","templated":true}]}}