{"id":1296,"date":"2026-04-03T13:37:11","date_gmt":"2026-04-03T12:37:11","guid":{"rendered":"https:\/\/noam.dk\/?product=sommersoendag-dvd"},"modified":"2026-04-08T18:09:58","modified_gmt":"2026-04-08T17:09:58","slug":"sommersoendag-dvd","status":"publish","type":"product","link":"https:\/\/noam.dk\/?product=sommersoendag-dvd","title":{"rendered":"Sommers\u00f8ndag (DVD)"},"content":{"rendered":"<p>Beskrivelse<br \/>\nNICOLE GARCIA er et ikon i fransk film. Hun startede sin karriere som skuespiller og huskes is\u00e6r for sin pragtpr\u00e6station i &#8220;Ord som forl\u00f8ser&#8221;. Som instrukt\u00f8r st\u00e5r hun bag en r\u00e6kke s\u00e6rdeles anerkendte film, hvoraf flere har v\u00e6ret vist i Danmark, blandt andet Place Vendome med Catherine Deneuve. SOMMERS\u00d8NDAG (Un beau dimanche) er Nicole Garcias nyeste film. En film som dufter af dr\u00f8mme, l\u00e6ngsler, nye h\u00e5b, k\u00e6rlighed\u2026 og varme sommers\u00f8ndage. To af fransk films hotteste unge skuespillere, Louise Bourgoin og Pierre Rochefort leverer smukt sammenspil. Baptiste (Pierre Rochefort) er en dygtig l\u00e6rer, der arbejder som vikar p\u00e5 forskellige skoler. Forpligtelser er ikke det bedste, han ved. Men da han en dag m\u00f8der den unge elev Mathias, der st\u00e5r alene uden for skolen, fordi hans far har glemt at hente ham, p\u00e5tager Baptiste sig alligevel at tage ansvar for kn\u00e6gten weekenden over. Mathias f\u00e5r Baptiste til at k\u00f8re op langs kysten for at finde den strandcaf\u00e9, hvor hans mor, Sandra (Louise Bourgoin), der heller ikke ligefrem er den mest n\u00e6rv\u00e6rende for\u00e6lder, arbejder. Det bliver starten p\u00e5 et smukt og intenst forhold mellem to mennesker med hver deres bagage i livet.<br \/>\n<strong>Format: DVD<\/strong><br \/>\n<strong>Audio: Fransk &#8211; Dolby Digital 5,1 &amp; 2,0<\/strong><br \/>\n<strong>Undertekster: Dansk<\/strong><br \/>\n<strong>Spilletid: 92 min<\/strong><br \/>\n<strong>Genre: Drama<\/strong><br \/>\n<strong>Produktions\u00e5r: 2013<\/strong><br \/>\n<strong>Varenr: 7035534104347<\/strong><\/p>\n","protected":false},"excerpt":{"rendered":"<p>BeskrivelseNICOLE GARCIA er et ikon i fransk film. Hun startede sin karriere som skuespiller og huskes is\u00e6r for sin pragtpr\u00e6station i &#8220;Ord som forl\u00f8ser&#8221;. Som instrukt\u00f8r st\u00e5r hun bag en r\u00e6kke s\u00e6rdeles<\/p>\n","protected":false},"featured_media":0,"comment_status":"open","ping_status":"closed","template":"","meta":{"site-sidebar-layout":"default","site-content-layout":"","ast-site-content-layout":"default","site-content-style":"default","site-sidebar-style":"default","ast-global-header-display":"","ast-banner-title-visibility":"","ast-main-header-display":"","ast-hfb-above-header-display":"","ast-hfb-below-header-display":"","ast-hfb-mobile-header-display":"","site-post-title":"","ast-breadcrumbs-content":"","ast-featured-img":"","footer-sml-layout":"","ast-disable-related-posts":"","theme-transparent-header-meta":"default","adv-header-id-meta":"","stick-header-meta":"","header-above-stick-meta":"","header-main-stick-meta":"","header-below-stick-meta":"","astra-migrate-meta-layouts":"set","ast-page-background-enabled":"default","ast-page-background-meta":{"desktop":{"background-color":"var(--ast-global-color-5)","background-image":"","background-repeat":"repeat","background-position":"center center","background-size":"auto","background-attachment":"scroll","background-type":"","background-media":"","overlay-type":"","overlay-color":"","overlay-opacity":"","overlay-gradient":""},"tablet":{"background-color":"","background-image":"","background-repeat":"repeat","background-position":"center center","background-size":"auto","background-attachment":"scroll","background-type":"","background-media":"","overlay-type":"","overlay-color":"","overlay-opacity":"","overlay-gradient":""},"mobile":{"background-color":"","background-image":"","background-repeat":"repeat","background-position":"center center","background-size":"auto","background-attachment":"scroll","background-type":"","background-media":"","overlay-type":"","overlay-color":"","overlay-opacity":"","overlay-gradient":""}},"ast-content-background-meta":{"desktop":{"background-color":"var(--ast-global-color-4)","background-image":"","background-repeat":"repeat","background-position":"center center","background-size":"auto","background-attachment":"scroll","background-type":"","background-media":"","overlay-type":"","overlay-color":"","overlay-opacity":"","overlay-gradient":""},"tablet":{"background-color":"var(--ast-global-color-4)","background-image":"","background-repeat":"repeat","background-position":"center center","background-size":"auto","background-attachment":"scroll","background-type":"","background-media":"","overlay-type":"","overlay-color":"","overlay-opacity":"","overlay-gradient":""},"mobile":{"background-color":"var(--ast-global-color-4)","background-image":"","background-repeat":"repeat","background-position":"center center","background-size":"auto","background-attachment":"scroll","background-type":"","background-media":"","overlay-type":"","overlay-color":"","overlay-opacity":"","overlay-gradient":""}}},"product_brand":[],"product_cat":[57,47],"product_tag":[],"class_list":{"0":"post-1296","1":"product","2":"type-product","3":"status-publish","5":"product_cat-drama","6":"product_cat-film","7":"desktop-align-left","8":"tablet-align-left","9":"mobile-align-left","11":"first","12":"instock","13":"taxable","14":"shipping-taxable","15":"purchasable","16":"product-type-simple"},"supplier_id":null,"supplier_sku":"","barcode":null,"atum_controlled":true,"out_stock_date":null,"out_stock_threshold":null,"inheritable":false,"inbound_stock":null,"stock_on_hold":null,"sold_today":null,"sales_last_days":null,"reserved_stock":null,"customer_returns":null,"warehouse_damage":null,"lost_in_post":null,"other_logs":null,"out_stock_days":null,"lost_sales":null,"has_location":false,"update_date":"2026-04-08T17:09:59","atum_locations":[],"atum_stock_status":"instock","restock_status":false,"low_stock_amount":"","sales_update_date":null,"calc_backorders":null,"yoast_head":"<!-- This site is optimized with the Yoast SEO plugin v27.3 - https:\/\/yoast.com\/product\/yoast-seo-wordpress\/ -->\n<title>Sommers\u00f8ndag (DVD) - Noam.dk<\/title>\n<meta name=\"robots\" content=\"index, follow, max-snippet:-1, max-image-preview:large, max-video-preview:-1\" \/>\n<link rel=\"canonical\" href=\"https:\/\/noam.dk\/?product=sommersoendag-dvd\" \/>\n<meta property=\"og:locale\" content=\"da_DK\" \/>\n<meta property=\"og:type\" content=\"article\" \/>\n<meta property=\"og:title\" content=\"Sommers\u00f8ndag (DVD) - Noam.dk\" \/>\n<meta property=\"og:description\" content=\"BeskrivelseNICOLE GARCIA er et ikon i fransk film. Hun startede sin karriere som skuespiller og huskes is\u00e6r for sin pragtpr\u00e6station i &quot;Ord som forl\u00f8ser&quot;. Som instrukt\u00f8r st\u00e5r hun bag en r\u00e6kke s\u00e6rdeles\" \/>\n<meta property=\"og:url\" content=\"https:\/\/noam.dk\/?product=sommersoendag-dvd\" \/>\n<meta property=\"og:site_name\" content=\"Noam.dk\" \/>\n<meta property=\"article:publisher\" content=\"https:\/\/www.facebook.com\/noamsdk\" \/>\n<meta property=\"article:modified_time\" content=\"2026-04-08T17:09:58+00:00\" \/>\n<meta name=\"twitter:card\" content=\"summary_large_image\" \/>\n<meta name=\"twitter:label1\" content=\"Estimeret l\u00e6setid\" \/>\n\t<meta name=\"twitter:data1\" content=\"2 minutter\" \/>\n<script type=\"application\/ld+json\" class=\"yoast-schema-graph\">{\"@context\":\"https:\\\/\\\/schema.org\",\"@graph\":[{\"@type\":\"WebPage\",\"@id\":\"https:\\\/\\\/noam.dk\\\/?product=sommersoendag-dvd\",\"url\":\"https:\\\/\\\/noam.dk\\\/?product=sommersoendag-dvd\",\"name\":\"Sommers\u00f8ndag (DVD) - Noam.dk\",\"isPartOf\":{\"@id\":\"https:\\\/\\\/noam.dk\\\/#website\"},\"datePublished\":\"2026-04-03T12:37:11+00:00\",\"dateModified\":\"2026-04-08T17:09:58+00:00\",\"breadcrumb\":{\"@id\":\"https:\\\/\\\/noam.dk\\\/?product=sommersoendag-dvd#breadcrumb\"},\"inLanguage\":\"da-DK\",\"potentialAction\":[{\"@type\":\"ReadAction\",\"target\":[\"https:\\\/\\\/noam.dk\\\/?product=sommersoendag-dvd\"]}]},{\"@type\":\"BreadcrumbList\",\"@id\":\"https:\\\/\\\/noam.dk\\\/?product=sommersoendag-dvd#breadcrumb\",\"itemListElement\":[{\"@type\":\"ListItem\",\"position\":1,\"name\":\"Hjem\",\"item\":\"https:\\\/\\\/noam.dk\\\/\"},{\"@type\":\"ListItem\",\"position\":2,\"name\":\"Shop\",\"item\":\"https:\\\/\\\/noam.dk\\\/?page_id=8\"},{\"@type\":\"ListItem\",\"position\":3,\"name\":\"Sommers\u00f8ndag (DVD)\"}]},{\"@type\":\"WebSite\",\"@id\":\"https:\\\/\\\/noam.dk\\\/#website\",\"url\":\"https:\\\/\\\/noam.dk\\\/\",\"name\":\"Noam.dk\",\"description\":\"\",\"publisher\":{\"@id\":\"https:\\\/\\\/noam.dk\\\/#organization\"},\"potentialAction\":[{\"@type\":\"SearchAction\",\"target\":{\"@type\":\"EntryPoint\",\"urlTemplate\":\"https:\\\/\\\/noam.dk\\\/?s={search_term_string}\"},\"query-input\":{\"@type\":\"PropertyValueSpecification\",\"valueRequired\":true,\"valueName\":\"search_term_string\"}}],\"inLanguage\":\"da-DK\"},{\"@type\":\"Organization\",\"@id\":\"https:\\\/\\\/noam.dk\\\/#organization\",\"name\":\"Noam.dk\",\"url\":\"https:\\\/\\\/noam.dk\\\/\",\"logo\":{\"@type\":\"ImageObject\",\"inLanguage\":\"da-DK\",\"@id\":\"https:\\\/\\\/noam.dk\\\/#\\\/schema\\\/logo\\\/image\\\/\",\"url\":\"https:\\\/\\\/noam.dk\\\/wp-content\\\/uploads\\\/2026\\\/04\\\/noams-n-logo.jpg\",\"contentUrl\":\"https:\\\/\\\/noam.dk\\\/wp-content\\\/uploads\\\/2026\\\/04\\\/noams-n-logo.jpg\",\"width\":119,\"height\":108,\"caption\":\"Noam.dk\"},\"image\":{\"@id\":\"https:\\\/\\\/noam.dk\\\/#\\\/schema\\\/logo\\\/image\\\/\"},\"sameAs\":[\"https:\\\/\\\/www.facebook.com\\\/noamsdk\"]}]}<\/script>\n<!-- \/ Yoast SEO plugin. -->","yoast_head_json":{"title":"Sommers\u00f8ndag (DVD) - Noam.dk","robots":{"index":"index","follow":"follow","max-snippet":"max-snippet:-1","max-image-preview":"max-image-preview:large","max-video-preview":"max-video-preview:-1"},"canonical":"https:\/\/noam.dk\/?product=sommersoendag-dvd","og_locale":"da_DK","og_type":"article","og_title":"Sommers\u00f8ndag (DVD) - Noam.dk","og_description":"BeskrivelseNICOLE GARCIA er et ikon i fransk film. Hun startede sin karriere som skuespiller og huskes is\u00e6r for sin pragtpr\u00e6station i \"Ord som forl\u00f8ser\". Som instrukt\u00f8r st\u00e5r hun bag en r\u00e6kke s\u00e6rdeles","og_url":"https:\/\/noam.dk\/?product=sommersoendag-dvd","og_site_name":"Noam.dk","article_publisher":"https:\/\/www.facebook.com\/noamsdk","article_modified_time":"2026-04-08T17:09:58+00:00","twitter_card":"summary_large_image","twitter_misc":{"Estimeret l\u00e6setid":"2 minutter"},"schema":{"@context":"https:\/\/schema.org","@graph":[{"@type":"WebPage","@id":"https:\/\/noam.dk\/?product=sommersoendag-dvd","url":"https:\/\/noam.dk\/?product=sommersoendag-dvd","name":"Sommers\u00f8ndag (DVD) - Noam.dk","isPartOf":{"@id":"https:\/\/noam.dk\/#website"},"datePublished":"2026-04-03T12:37:11+00:00","dateModified":"2026-04-08T17:09:58+00:00","breadcrumb":{"@id":"https:\/\/noam.dk\/?product=sommersoendag-dvd#breadcrumb"},"inLanguage":"da-DK","potentialAction":[{"@type":"ReadAction","target":["https:\/\/noam.dk\/?product=sommersoendag-dvd"]}]},{"@type":"BreadcrumbList","@id":"https:\/\/noam.dk\/?product=sommersoendag-dvd#breadcrumb","itemListElement":[{"@type":"ListItem","position":1,"name":"Hjem","item":"https:\/\/noam.dk\/"},{"@type":"ListItem","position":2,"name":"Shop","item":"https:\/\/noam.dk\/?page_id=8"},{"@type":"ListItem","position":3,"name":"Sommers\u00f8ndag (DVD)"}]},{"@type":"WebSite","@id":"https:\/\/noam.dk\/#website","url":"https:\/\/noam.dk\/","name":"Noam.dk","description":"","publisher":{"@id":"https:\/\/noam.dk\/#organization"},"potentialAction":[{"@type":"SearchAction","target":{"@type":"EntryPoint","urlTemplate":"https:\/\/noam.dk\/?s={search_term_string}"},"query-input":{"@type":"PropertyValueSpecification","valueRequired":true,"valueName":"search_term_string"}}],"inLanguage":"da-DK"},{"@type":"Organization","@id":"https:\/\/noam.dk\/#organization","name":"Noam.dk","url":"https:\/\/noam.dk\/","logo":{"@type":"ImageObject","inLanguage":"da-DK","@id":"https:\/\/noam.dk\/#\/schema\/logo\/image\/","url":"https:\/\/noam.dk\/wp-content\/uploads\/2026\/04\/noams-n-logo.jpg","contentUrl":"https:\/\/noam.dk\/wp-content\/uploads\/2026\/04\/noams-n-logo.jpg","width":119,"height":108,"caption":"Noam.dk"},"image":{"@id":"https:\/\/noam.dk\/#\/schema\/logo\/image\/"},"sameAs":["https:\/\/www.facebook.com\/noamsdk"]}]}},"jetpack_sharing_enabled":true,"_links":{"self":[{"href":"https:\/\/noam.dk\/index.php?rest_route=\/wp\/v2\/product\/1296","targetHints":{"allow":["GET"]}}],"collection":[{"href":"https:\/\/noam.dk\/index.php?rest_route=\/wp\/v2\/product"}],"about":[{"href":"https:\/\/noam.dk\/index.php?rest_route=\/wp\/v2\/types\/product"}],"replies":[{"embeddable":true,"href":"https:\/\/noam.dk\/index.php?rest_route=%2Fwp%2Fv2%2Fcomments&post=1296"}],"wp:attachment":[{"href":"https:\/\/noam.dk\/index.php?rest_route=%2Fwp%2Fv2%2Fmedia&parent=1296"}],"wp:term":[{"taxonomy":"product_brand","embeddable":true,"href":"https:\/\/noam.dk\/index.php?rest_route=%2Fwp%2Fv2%2Fproduct_brand&post=1296"},{"taxonomy":"product_cat","embeddable":true,"href":"https:\/\/noam.dk\/index.php?rest_route=%2Fwp%2Fv2%2Fproduct_cat&post=1296"},{"taxonomy":"product_tag","embeddable":true,"href":"https:\/\/noam.dk\/index.php?rest_route=%2Fwp%2Fv2%2Fproduct_tag&post=1296"}],"curies":[{"name":"wp","href":"https:\/\/api.w.org\/{rel}","templated":true}]}}