{"id":1918,"date":"2026-04-03T13:39:08","date_gmt":"2026-04-03T12:39:08","guid":{"rendered":"https:\/\/noam.dk\/?product=flugten-fra-nice-dvd"},"modified":"2026-04-07T22:32:23","modified_gmt":"2026-04-07T21:32:23","slug":"flugten-fra-nice-dvd","status":"publish","type":"product","link":"https:\/\/noam.dk\/?product=flugten-fra-nice-dvd","title":{"rendered":"Flugten Fra Nice (DVD)"},"content":{"rendered":"<p><strong>Beskrivelse:<\/strong><br \/>\nMaurice og Joseph lever et lykkeligt barndomsliv i Paris sammen med deres j\u00f8diske for\u00e6ldre, Roman og Anna, og deres to store br\u00f8dre i begyndelsen af 1940\u2019erne. Mens de to \u00e6ldste br\u00f8dre arbejder i faderens barberbutik, lever de to yngste drenge en sorgl\u00f8s tilv\u00e6relse, hvor de endda morer sig med at lave narrestreger med de nyankomne nazister, som patruljerer i gaderne, som led i den tyske bes\u00e6ttelse af Frankrig. Da landets j\u00f8der tvinges til at b\u00e6re den berygtede gule stjerne, vokser deres fars bekymring for familiens sk\u00e6bne, og da situationen spidser til, tr\u00e6ffer han en hjertesk\u00e6rende beslutning om at splitte familien op, da de p\u00e5 den m\u00e5de har st\u00f8rst mulighed for at n\u00e5 i sikkerhed i \u201dden frie zone\u201d omkring Nice i det sydlige Frankrig. Maurice og Joseph m\u00e5 derfor begive sig ud p\u00e5 en lang og farefuld f\u00e6rd, hvor frygten for anholdelse lurer bag ethvert hj\u00f8rne. Deres m\u00e5l er at n\u00e5 i sikkerhed omkring Nice, hvor de skal gemme sig, indtil resten af familien kan sl\u00e5 dem f\u00f8lge. Hvor drengene i begyndelsen opf\u00f8rer sig som de b\u00f8rn, de er, gennemg\u00e5r de via deres oplevelser af vold og depraveret menneskelig adf\u00e6rd en n\u00f8dvendig udvikling, hvor de l\u00e6rer at forst\u00e5, hvordan de m\u00e5 agere, hj\u00e6lpe hinanden og arbejde sammen, hvis de skal have nogen chance for at n\u00e5 deres m\u00e5l.<\/p>\n<p><strong>Format: DVD<\/strong><br \/>\n<strong>Audio: Fransk Dolby Digital 2.0 &amp; 5.1<\/strong><br \/>\n<strong>Undertekster: Danske<\/strong><br \/>\n<strong>Spilletid: 108 min<\/strong><br \/>\n<strong>Genre: Krigs-drama<\/strong><br \/>\n<strong>Produktion: Frankrig\/Canada\/Tjekkiet 2017<\/strong><br \/>\n<strong>Varenr: AWE 5709498017501<\/strong><\/p>\n","protected":false},"excerpt":{"rendered":"<p>Beskrivelse:<br \/>\nMaurice og Joseph lever et lykkeligt barndomsliv i Paris sammen med deres j\u00f8diske for\u00e6ldre, Roman og Anna, og deres to store br\u00f8dre i begyndelsen af 1940\u2019erne. Mens de to \u00e6ldste br\u00f8dre a<\/p>\n","protected":false},"featured_media":0,"comment_status":"open","ping_status":"closed","template":"","meta":{"site-sidebar-layout":"default","site-content-layout":"","ast-site-content-layout":"default","site-content-style":"default","site-sidebar-style":"default","ast-global-header-display":"","ast-banner-title-visibility":"","ast-main-header-display":"","ast-hfb-above-header-display":"","ast-hfb-below-header-display":"","ast-hfb-mobile-header-display":"","site-post-title":"","ast-breadcrumbs-content":"","ast-featured-img":"","footer-sml-layout":"","ast-disable-related-posts":"","theme-transparent-header-meta":"default","adv-header-id-meta":"","stick-header-meta":"","header-above-stick-meta":"","header-main-stick-meta":"","header-below-stick-meta":"","astra-migrate-meta-layouts":"set","ast-page-background-enabled":"default","ast-page-background-meta":{"desktop":{"background-color":"var(--ast-global-color-5)","background-image":"","background-repeat":"repeat","background-position":"center center","background-size":"auto","background-attachment":"scroll","background-type":"","background-media":"","overlay-type":"","overlay-color":"","overlay-opacity":"","overlay-gradient":""},"tablet":{"background-color":"","background-image":"","background-repeat":"repeat","background-position":"center center","background-size":"auto","background-attachment":"scroll","background-type":"","background-media":"","overlay-type":"","overlay-color":"","overlay-opacity":"","overlay-gradient":""},"mobile":{"background-color":"","background-image":"","background-repeat":"repeat","background-position":"center center","background-size":"auto","background-attachment":"scroll","background-type":"","background-media":"","overlay-type":"","overlay-color":"","overlay-opacity":"","overlay-gradient":""}},"ast-content-background-meta":{"desktop":{"background-color":"var(--ast-global-color-4)","background-image":"","background-repeat":"repeat","background-position":"center center","background-size":"auto","background-attachment":"scroll","background-type":"","background-media":"","overlay-type":"","overlay-color":"","overlay-opacity":"","overlay-gradient":""},"tablet":{"background-color":"var(--ast-global-color-4)","background-image":"","background-repeat":"repeat","background-position":"center center","background-size":"auto","background-attachment":"scroll","background-type":"","background-media":"","overlay-type":"","overlay-color":"","overlay-opacity":"","overlay-gradient":""},"mobile":{"background-color":"var(--ast-global-color-4)","background-image":"","background-repeat":"repeat","background-position":"center center","background-size":"auto","background-attachment":"scroll","background-type":"","background-media":"","overlay-type":"","overlay-color":"","overlay-opacity":"","overlay-gradient":""}}},"product_brand":[],"product_cat":[57,47,69],"product_tag":[],"class_list":{"0":"post-1918","1":"product","2":"type-product","3":"status-publish","5":"product_cat-drama","6":"product_cat-film","7":"product_cat-krigsfilm","8":"desktop-align-left","9":"tablet-align-left","10":"mobile-align-left","12":"first","13":"instock","14":"taxable","15":"shipping-taxable","16":"purchasable","17":"product-type-simple"},"supplier_id":null,"supplier_sku":"","barcode":null,"atum_controlled":true,"out_stock_date":null,"out_stock_threshold":null,"inheritable":false,"inbound_stock":null,"stock_on_hold":null,"sold_today":null,"sales_last_days":null,"reserved_stock":null,"customer_returns":null,"warehouse_damage":null,"lost_in_post":null,"other_logs":null,"out_stock_days":null,"lost_sales":null,"has_location":false,"update_date":"2026-04-07T21:32:24","atum_locations":[],"atum_stock_status":"instock","restock_status":false,"low_stock_amount":"","sales_update_date":null,"calc_backorders":null,"yoast_head":"<!-- This site is optimized with the Yoast SEO plugin v27.3 - https:\/\/yoast.com\/product\/yoast-seo-wordpress\/ -->\n<title>Flugten Fra Nice (DVD) - Noam.dk<\/title>\n<meta name=\"robots\" content=\"index, follow, max-snippet:-1, max-image-preview:large, max-video-preview:-1\" \/>\n<link rel=\"canonical\" href=\"https:\/\/noam.dk\/?product=flugten-fra-nice-dvd\" \/>\n<meta property=\"og:locale\" content=\"da_DK\" \/>\n<meta property=\"og:type\" content=\"article\" \/>\n<meta property=\"og:title\" content=\"Flugten Fra Nice (DVD) - Noam.dk\" \/>\n<meta property=\"og:description\" content=\"Beskrivelse: Maurice og Joseph lever et lykkeligt barndomsliv i Paris sammen med deres j\u00f8diske for\u00e6ldre, Roman og Anna, og deres to store br\u00f8dre i begyndelsen af 1940\u2019erne. Mens de to \u00e6ldste br\u00f8dre a\" \/>\n<meta property=\"og:url\" content=\"https:\/\/noam.dk\/?product=flugten-fra-nice-dvd\" \/>\n<meta property=\"og:site_name\" content=\"Noam.dk\" \/>\n<meta property=\"article:publisher\" content=\"https:\/\/www.facebook.com\/noamsdk\" \/>\n<meta property=\"article:modified_time\" content=\"2026-04-07T21:32:23+00:00\" \/>\n<meta name=\"twitter:card\" content=\"summary_large_image\" \/>\n<meta name=\"twitter:label1\" content=\"Estimeret l\u00e6setid\" \/>\n\t<meta name=\"twitter:data1\" content=\"2 minutter\" \/>\n<script type=\"application\/ld+json\" class=\"yoast-schema-graph\">{\"@context\":\"https:\\\/\\\/schema.org\",\"@graph\":[{\"@type\":\"WebPage\",\"@id\":\"https:\\\/\\\/noam.dk\\\/?product=flugten-fra-nice-dvd\",\"url\":\"https:\\\/\\\/noam.dk\\\/?product=flugten-fra-nice-dvd\",\"name\":\"Flugten Fra Nice (DVD) - Noam.dk\",\"isPartOf\":{\"@id\":\"https:\\\/\\\/noam.dk\\\/#website\"},\"datePublished\":\"2026-04-03T12:39:08+00:00\",\"dateModified\":\"2026-04-07T21:32:23+00:00\",\"breadcrumb\":{\"@id\":\"https:\\\/\\\/noam.dk\\\/?product=flugten-fra-nice-dvd#breadcrumb\"},\"inLanguage\":\"da-DK\",\"potentialAction\":[{\"@type\":\"ReadAction\",\"target\":[\"https:\\\/\\\/noam.dk\\\/?product=flugten-fra-nice-dvd\"]}]},{\"@type\":\"BreadcrumbList\",\"@id\":\"https:\\\/\\\/noam.dk\\\/?product=flugten-fra-nice-dvd#breadcrumb\",\"itemListElement\":[{\"@type\":\"ListItem\",\"position\":1,\"name\":\"Hjem\",\"item\":\"https:\\\/\\\/noam.dk\\\/\"},{\"@type\":\"ListItem\",\"position\":2,\"name\":\"Shop\",\"item\":\"https:\\\/\\\/noam.dk\\\/?page_id=8\"},{\"@type\":\"ListItem\",\"position\":3,\"name\":\"Flugten Fra Nice (DVD)\"}]},{\"@type\":\"WebSite\",\"@id\":\"https:\\\/\\\/noam.dk\\\/#website\",\"url\":\"https:\\\/\\\/noam.dk\\\/\",\"name\":\"Noam.dk\",\"description\":\"\",\"publisher\":{\"@id\":\"https:\\\/\\\/noam.dk\\\/#organization\"},\"potentialAction\":[{\"@type\":\"SearchAction\",\"target\":{\"@type\":\"EntryPoint\",\"urlTemplate\":\"https:\\\/\\\/noam.dk\\\/?s={search_term_string}\"},\"query-input\":{\"@type\":\"PropertyValueSpecification\",\"valueRequired\":true,\"valueName\":\"search_term_string\"}}],\"inLanguage\":\"da-DK\"},{\"@type\":\"Organization\",\"@id\":\"https:\\\/\\\/noam.dk\\\/#organization\",\"name\":\"Noam.dk\",\"url\":\"https:\\\/\\\/noam.dk\\\/\",\"logo\":{\"@type\":\"ImageObject\",\"inLanguage\":\"da-DK\",\"@id\":\"https:\\\/\\\/noam.dk\\\/#\\\/schema\\\/logo\\\/image\\\/\",\"url\":\"https:\\\/\\\/noam.dk\\\/wp-content\\\/uploads\\\/2026\\\/04\\\/noams-n-logo.jpg\",\"contentUrl\":\"https:\\\/\\\/noam.dk\\\/wp-content\\\/uploads\\\/2026\\\/04\\\/noams-n-logo.jpg\",\"width\":119,\"height\":108,\"caption\":\"Noam.dk\"},\"image\":{\"@id\":\"https:\\\/\\\/noam.dk\\\/#\\\/schema\\\/logo\\\/image\\\/\"},\"sameAs\":[\"https:\\\/\\\/www.facebook.com\\\/noamsdk\"]}]}<\/script>\n<!-- \/ Yoast SEO plugin. -->","yoast_head_json":{"title":"Flugten Fra Nice (DVD) - Noam.dk","robots":{"index":"index","follow":"follow","max-snippet":"max-snippet:-1","max-image-preview":"max-image-preview:large","max-video-preview":"max-video-preview:-1"},"canonical":"https:\/\/noam.dk\/?product=flugten-fra-nice-dvd","og_locale":"da_DK","og_type":"article","og_title":"Flugten Fra Nice (DVD) - Noam.dk","og_description":"Beskrivelse: Maurice og Joseph lever et lykkeligt barndomsliv i Paris sammen med deres j\u00f8diske for\u00e6ldre, Roman og Anna, og deres to store br\u00f8dre i begyndelsen af 1940\u2019erne. Mens de to \u00e6ldste br\u00f8dre a","og_url":"https:\/\/noam.dk\/?product=flugten-fra-nice-dvd","og_site_name":"Noam.dk","article_publisher":"https:\/\/www.facebook.com\/noamsdk","article_modified_time":"2026-04-07T21:32:23+00:00","twitter_card":"summary_large_image","twitter_misc":{"Estimeret l\u00e6setid":"2 minutter"},"schema":{"@context":"https:\/\/schema.org","@graph":[{"@type":"WebPage","@id":"https:\/\/noam.dk\/?product=flugten-fra-nice-dvd","url":"https:\/\/noam.dk\/?product=flugten-fra-nice-dvd","name":"Flugten Fra Nice (DVD) - Noam.dk","isPartOf":{"@id":"https:\/\/noam.dk\/#website"},"datePublished":"2026-04-03T12:39:08+00:00","dateModified":"2026-04-07T21:32:23+00:00","breadcrumb":{"@id":"https:\/\/noam.dk\/?product=flugten-fra-nice-dvd#breadcrumb"},"inLanguage":"da-DK","potentialAction":[{"@type":"ReadAction","target":["https:\/\/noam.dk\/?product=flugten-fra-nice-dvd"]}]},{"@type":"BreadcrumbList","@id":"https:\/\/noam.dk\/?product=flugten-fra-nice-dvd#breadcrumb","itemListElement":[{"@type":"ListItem","position":1,"name":"Hjem","item":"https:\/\/noam.dk\/"},{"@type":"ListItem","position":2,"name":"Shop","item":"https:\/\/noam.dk\/?page_id=8"},{"@type":"ListItem","position":3,"name":"Flugten Fra Nice (DVD)"}]},{"@type":"WebSite","@id":"https:\/\/noam.dk\/#website","url":"https:\/\/noam.dk\/","name":"Noam.dk","description":"","publisher":{"@id":"https:\/\/noam.dk\/#organization"},"potentialAction":[{"@type":"SearchAction","target":{"@type":"EntryPoint","urlTemplate":"https:\/\/noam.dk\/?s={search_term_string}"},"query-input":{"@type":"PropertyValueSpecification","valueRequired":true,"valueName":"search_term_string"}}],"inLanguage":"da-DK"},{"@type":"Organization","@id":"https:\/\/noam.dk\/#organization","name":"Noam.dk","url":"https:\/\/noam.dk\/","logo":{"@type":"ImageObject","inLanguage":"da-DK","@id":"https:\/\/noam.dk\/#\/schema\/logo\/image\/","url":"https:\/\/noam.dk\/wp-content\/uploads\/2026\/04\/noams-n-logo.jpg","contentUrl":"https:\/\/noam.dk\/wp-content\/uploads\/2026\/04\/noams-n-logo.jpg","width":119,"height":108,"caption":"Noam.dk"},"image":{"@id":"https:\/\/noam.dk\/#\/schema\/logo\/image\/"},"sameAs":["https:\/\/www.facebook.com\/noamsdk"]}]}},"jetpack_sharing_enabled":true,"_links":{"self":[{"href":"https:\/\/noam.dk\/index.php?rest_route=\/wp\/v2\/product\/1918","targetHints":{"allow":["GET"]}}],"collection":[{"href":"https:\/\/noam.dk\/index.php?rest_route=\/wp\/v2\/product"}],"about":[{"href":"https:\/\/noam.dk\/index.php?rest_route=\/wp\/v2\/types\/product"}],"replies":[{"embeddable":true,"href":"https:\/\/noam.dk\/index.php?rest_route=%2Fwp%2Fv2%2Fcomments&post=1918"}],"wp:attachment":[{"href":"https:\/\/noam.dk\/index.php?rest_route=%2Fwp%2Fv2%2Fmedia&parent=1918"}],"wp:term":[{"taxonomy":"product_brand","embeddable":true,"href":"https:\/\/noam.dk\/index.php?rest_route=%2Fwp%2Fv2%2Fproduct_brand&post=1918"},{"taxonomy":"product_cat","embeddable":true,"href":"https:\/\/noam.dk\/index.php?rest_route=%2Fwp%2Fv2%2Fproduct_cat&post=1918"},{"taxonomy":"product_tag","embeddable":true,"href":"https:\/\/noam.dk\/index.php?rest_route=%2Fwp%2Fv2%2Fproduct_tag&post=1918"}],"curies":[{"name":"wp","href":"https:\/\/api.w.org\/{rel}","templated":true}]}}