{"id":3553,"date":"2026-04-03T21:07:11","date_gmt":"2026-04-03T20:07:11","guid":{"rendered":"https:\/\/noam.dk\/?product=blaest-stiv-kuling-orange-hvid-vinyl-lp"},"modified":"2026-04-15T17:11:27","modified_gmt":"2026-04-15T16:11:27","slug":"blaest-stiv-kuling-orange-hvid-vinyl-lp","status":"publish","type":"product","link":"https:\/\/noam.dk\/?product=blaest-stiv-kuling-orange-hvid-vinyl-lp","title":{"rendered":"Bl\u00e6st: Stiv Kuling &#8211; Orange\/Hvid Vinyl (LP)"},"content":{"rendered":"<p>Det danske band Bl\u00e6st, der best\u00e5r af Fernanda Rosa, Lauge Kj\u00e6rulf, Anders Bondo og Valentin Buchwald, er klar til at bl\u00e6se folk bagover med god energi, n\u00e5r de udgiver deres nye EP \u2019Stiv Kuling\u2019 den 30. september. \u201dEP\u2019en hedder Stiv Kuling, fordi der er gang i den, og sangene skal bl\u00e6se folk bagover med energi\u201d fort\u00e6ller Bl\u00e6st om EP\u2019en, der er den f\u00f8rste fra bandet siden de udgav \u2019Vindstille\u2019 i 2020. Bl\u00e6st har i l\u00f8bet af det seneste \u00e5r markeret sig som et af de mest fremadstormende bands p\u00e5 den danske musikscene med udsolgte koncerter rundt om i Danmark og samt deres seneste singler heriblandt \u2019Juice\u2019 og \u2019Ego\u2019 \u2013 der begge har v\u00e6ret i Top 10 over de mest spillede sange p\u00e5 dansk radio. Nu er bandet klar til at forts\u00e6tte rejsen med den nye EP, og ligesom det danske vejr er omskifteligt, er f\u00f8lelserne p\u00e5 den nye EP det ogs\u00e5: \u201dStiv Kuling har ikke nogen fast tematik, udover at den handler om at v\u00e6re ung, den handler om at feste, den handler om de sm\u00e5 flirts, de st\u00f8rre forelskelser, og s\u00e5 er der sneget sig en enkelt breakup-song med. Temaet er egentlig bare et blandet f\u00f8lelsesliv, som vi kan relatere til.\u201d<br \/>\nTrackliste<\/p>\n<p><strong>Side A<\/strong><br \/>\n1 Uh Nej Nej<br \/>\n2 Kig Op Fra Gulvet<br \/>\n3 Juice<br \/>\n4 S\u00f6dermalm feat. Sveav\u00e4gen<br \/>\n5 Sover Du Nu<\/p>\n<p><strong>Side B<\/strong><br \/>\n1 Ego<br \/>\n2 Ukendt Land<br \/>\n3 Lad Mig G\u00e5<br \/>\n4 M\u00e5ske En Dag<\/p>\n<p><strong>Format: Vindpose (Orange\/Hvid) Vinyl <\/strong><br \/>\n<strong>Udgivelsesdato: 13-12-2024 <\/strong><br \/>\n<strong>Genre: Pop <\/strong><br \/>\n<strong>Varenr: UN0602465058574<\/strong><\/p>\n","protected":false},"excerpt":{"rendered":"<p>Det danske band Bl\u00e6st, der best\u00e5r af Fernanda Rosa, Lauge Kj\u00e6rulf, Anders Bondo og Valentin Buchwald, er klar til at [&hellip;]<\/p>\n","protected":false},"featured_media":0,"comment_status":"open","ping_status":"closed","template":"","meta":{"site-sidebar-layout":"default","site-content-layout":"","ast-site-content-layout":"default","site-content-style":"default","site-sidebar-style":"default","ast-global-header-display":"","ast-banner-title-visibility":"","ast-main-header-display":"","ast-hfb-above-header-display":"","ast-hfb-below-header-display":"","ast-hfb-mobile-header-display":"","site-post-title":"","ast-breadcrumbs-content":"","ast-featured-img":"","footer-sml-layout":"","ast-disable-related-posts":"","theme-transparent-header-meta":"default","adv-header-id-meta":"","stick-header-meta":"","header-above-stick-meta":"","header-main-stick-meta":"","header-below-stick-meta":"","astra-migrate-meta-layouts":"set","ast-page-background-enabled":"default","ast-page-background-meta":{"desktop":{"background-color":"var(--ast-global-color-5)","background-image":"","background-repeat":"repeat","background-position":"center center","background-size":"auto","background-attachment":"scroll","background-type":"","background-media":"","overlay-type":"","overlay-color":"","overlay-opacity":"","overlay-gradient":""},"tablet":{"background-color":"","background-image":"","background-repeat":"repeat","background-position":"center center","background-size":"auto","background-attachment":"scroll","background-type":"","background-media":"","overlay-type":"","overlay-color":"","overlay-opacity":"","overlay-gradient":""},"mobile":{"background-color":"","background-image":"","background-repeat":"repeat","background-position":"center center","background-size":"auto","background-attachment":"scroll","background-type":"","background-media":"","overlay-type":"","overlay-color":"","overlay-opacity":"","overlay-gradient":""}},"ast-content-background-meta":{"desktop":{"background-color":"var(--ast-global-color-4)","background-image":"","background-repeat":"repeat","background-position":"center center","background-size":"auto","background-attachment":"scroll","background-type":"","background-media":"","overlay-type":"","overlay-color":"","overlay-opacity":"","overlay-gradient":""},"tablet":{"background-color":"var(--ast-global-color-4)","background-image":"","background-repeat":"repeat","background-position":"center center","background-size":"auto","background-attachment":"scroll","background-type":"","background-media":"","overlay-type":"","overlay-color":"","overlay-opacity":"","overlay-gradient":""},"mobile":{"background-color":"var(--ast-global-color-4)","background-image":"","background-repeat":"repeat","background-position":"center center","background-size":"auto","background-attachment":"scroll","background-type":"","background-media":"","overlay-type":"","overlay-color":"","overlay-opacity":"","overlay-gradient":""}}},"product_brand":[],"product_cat":[195,33],"product_tag":[],"class_list":{"0":"post-3553","1":"product","2":"type-product","3":"status-publish","5":"product_cat-vinyl-dansk","6":"product_cat-vinyl","7":"desktop-align-left","8":"tablet-align-left","9":"mobile-align-left","11":"first","12":"instock","13":"sold-individually","14":"taxable","15":"shipping-taxable","16":"purchasable","17":"product-type-simple"},"supplier_id":null,"supplier_sku":"","barcode":null,"atum_controlled":true,"out_stock_date":null,"out_stock_threshold":null,"inheritable":false,"inbound_stock":null,"stock_on_hold":null,"sold_today":null,"sales_last_days":null,"reserved_stock":null,"customer_returns":null,"warehouse_damage":null,"lost_in_post":null,"other_logs":null,"out_stock_days":null,"lost_sales":null,"has_location":false,"update_date":"2026-04-15T16:11:28","atum_locations":[],"atum_stock_status":"instock","restock_status":false,"low_stock_amount":"","sales_update_date":null,"calc_backorders":null,"yoast_head":"<!-- This site is optimized with the Yoast SEO plugin v27.3 - https:\/\/yoast.com\/product\/yoast-seo-wordpress\/ -->\n<title>Bl\u00e6st: Stiv Kuling - Orange\/Hvid Vinyl (LP) - Noam.dk<\/title>\n<meta name=\"robots\" content=\"index, follow, max-snippet:-1, max-image-preview:large, max-video-preview:-1\" \/>\n<link rel=\"canonical\" href=\"https:\/\/noam.dk\/?product=blaest-stiv-kuling-orange-hvid-vinyl-lp\" \/>\n<meta property=\"og:locale\" content=\"da_DK\" \/>\n<meta property=\"og:type\" content=\"article\" \/>\n<meta property=\"og:title\" content=\"Bl\u00e6st: Stiv Kuling - Orange\/Hvid Vinyl (LP) - Noam.dk\" \/>\n<meta property=\"og:description\" content=\"Det danske band Bl\u00e6st, der best\u00e5r af Fernanda Rosa, Lauge Kj\u00e6rulf, Anders Bondo og Valentin Buchwald, er klar til at [&hellip;]\" \/>\n<meta property=\"og:url\" content=\"https:\/\/noam.dk\/?product=blaest-stiv-kuling-orange-hvid-vinyl-lp\" \/>\n<meta property=\"og:site_name\" content=\"Noam.dk\" \/>\n<meta property=\"article:publisher\" content=\"https:\/\/www.facebook.com\/noamsdk\" \/>\n<meta property=\"article:modified_time\" content=\"2026-04-15T16:11:27+00:00\" \/>\n<meta name=\"twitter:card\" content=\"summary_large_image\" \/>\n<meta name=\"twitter:label1\" content=\"Estimeret l\u00e6setid\" \/>\n\t<meta name=\"twitter:data1\" content=\"2 minutter\" \/>\n<script type=\"application\/ld+json\" class=\"yoast-schema-graph\">{\"@context\":\"https:\\\/\\\/schema.org\",\"@graph\":[{\"@type\":\"WebPage\",\"@id\":\"https:\\\/\\\/noam.dk\\\/?product=blaest-stiv-kuling-orange-hvid-vinyl-lp\",\"url\":\"https:\\\/\\\/noam.dk\\\/?product=blaest-stiv-kuling-orange-hvid-vinyl-lp\",\"name\":\"Bl\u00e6st: Stiv Kuling - Orange\\\/Hvid Vinyl (LP) - Noam.dk\",\"isPartOf\":{\"@id\":\"https:\\\/\\\/noam.dk\\\/#website\"},\"datePublished\":\"2026-04-03T20:07:11+00:00\",\"dateModified\":\"2026-04-15T16:11:27+00:00\",\"breadcrumb\":{\"@id\":\"https:\\\/\\\/noam.dk\\\/?product=blaest-stiv-kuling-orange-hvid-vinyl-lp#breadcrumb\"},\"inLanguage\":\"da-DK\",\"potentialAction\":[{\"@type\":\"ReadAction\",\"target\":[\"https:\\\/\\\/noam.dk\\\/?product=blaest-stiv-kuling-orange-hvid-vinyl-lp\"]}]},{\"@type\":\"BreadcrumbList\",\"@id\":\"https:\\\/\\\/noam.dk\\\/?product=blaest-stiv-kuling-orange-hvid-vinyl-lp#breadcrumb\",\"itemListElement\":[{\"@type\":\"ListItem\",\"position\":1,\"name\":\"Hjem\",\"item\":\"https:\\\/\\\/noam.dk\\\/\"},{\"@type\":\"ListItem\",\"position\":2,\"name\":\"Shop\",\"item\":\"https:\\\/\\\/noam.dk\\\/?page_id=8\"},{\"@type\":\"ListItem\",\"position\":3,\"name\":\"Bl\u00e6st: Stiv Kuling &#8211; Orange\\\/Hvid Vinyl (LP)\"}]},{\"@type\":\"WebSite\",\"@id\":\"https:\\\/\\\/noam.dk\\\/#website\",\"url\":\"https:\\\/\\\/noam.dk\\\/\",\"name\":\"Noam.dk\",\"description\":\"\",\"publisher\":{\"@id\":\"https:\\\/\\\/noam.dk\\\/#organization\"},\"potentialAction\":[{\"@type\":\"SearchAction\",\"target\":{\"@type\":\"EntryPoint\",\"urlTemplate\":\"https:\\\/\\\/noam.dk\\\/?s={search_term_string}\"},\"query-input\":{\"@type\":\"PropertyValueSpecification\",\"valueRequired\":true,\"valueName\":\"search_term_string\"}}],\"inLanguage\":\"da-DK\"},{\"@type\":\"Organization\",\"@id\":\"https:\\\/\\\/noam.dk\\\/#organization\",\"name\":\"Noam.dk\",\"url\":\"https:\\\/\\\/noam.dk\\\/\",\"logo\":{\"@type\":\"ImageObject\",\"inLanguage\":\"da-DK\",\"@id\":\"https:\\\/\\\/noam.dk\\\/#\\\/schema\\\/logo\\\/image\\\/\",\"url\":\"https:\\\/\\\/noam.dk\\\/wp-content\\\/uploads\\\/2026\\\/04\\\/noams-n-logo.jpg\",\"contentUrl\":\"https:\\\/\\\/noam.dk\\\/wp-content\\\/uploads\\\/2026\\\/04\\\/noams-n-logo.jpg\",\"width\":119,\"height\":108,\"caption\":\"Noam.dk\"},\"image\":{\"@id\":\"https:\\\/\\\/noam.dk\\\/#\\\/schema\\\/logo\\\/image\\\/\"},\"sameAs\":[\"https:\\\/\\\/www.facebook.com\\\/noamsdk\"]}]}<\/script>\n<!-- \/ Yoast SEO plugin. -->","yoast_head_json":{"title":"Bl\u00e6st: Stiv Kuling - Orange\/Hvid Vinyl (LP) - Noam.dk","robots":{"index":"index","follow":"follow","max-snippet":"max-snippet:-1","max-image-preview":"max-image-preview:large","max-video-preview":"max-video-preview:-1"},"canonical":"https:\/\/noam.dk\/?product=blaest-stiv-kuling-orange-hvid-vinyl-lp","og_locale":"da_DK","og_type":"article","og_title":"Bl\u00e6st: Stiv Kuling - Orange\/Hvid Vinyl (LP) - Noam.dk","og_description":"Det danske band Bl\u00e6st, der best\u00e5r af Fernanda Rosa, Lauge Kj\u00e6rulf, Anders Bondo og Valentin Buchwald, er klar til at [&hellip;]","og_url":"https:\/\/noam.dk\/?product=blaest-stiv-kuling-orange-hvid-vinyl-lp","og_site_name":"Noam.dk","article_publisher":"https:\/\/www.facebook.com\/noamsdk","article_modified_time":"2026-04-15T16:11:27+00:00","twitter_card":"summary_large_image","twitter_misc":{"Estimeret l\u00e6setid":"2 minutter"},"schema":{"@context":"https:\/\/schema.org","@graph":[{"@type":"WebPage","@id":"https:\/\/noam.dk\/?product=blaest-stiv-kuling-orange-hvid-vinyl-lp","url":"https:\/\/noam.dk\/?product=blaest-stiv-kuling-orange-hvid-vinyl-lp","name":"Bl\u00e6st: Stiv Kuling - Orange\/Hvid Vinyl (LP) - Noam.dk","isPartOf":{"@id":"https:\/\/noam.dk\/#website"},"datePublished":"2026-04-03T20:07:11+00:00","dateModified":"2026-04-15T16:11:27+00:00","breadcrumb":{"@id":"https:\/\/noam.dk\/?product=blaest-stiv-kuling-orange-hvid-vinyl-lp#breadcrumb"},"inLanguage":"da-DK","potentialAction":[{"@type":"ReadAction","target":["https:\/\/noam.dk\/?product=blaest-stiv-kuling-orange-hvid-vinyl-lp"]}]},{"@type":"BreadcrumbList","@id":"https:\/\/noam.dk\/?product=blaest-stiv-kuling-orange-hvid-vinyl-lp#breadcrumb","itemListElement":[{"@type":"ListItem","position":1,"name":"Hjem","item":"https:\/\/noam.dk\/"},{"@type":"ListItem","position":2,"name":"Shop","item":"https:\/\/noam.dk\/?page_id=8"},{"@type":"ListItem","position":3,"name":"Bl\u00e6st: Stiv Kuling &#8211; Orange\/Hvid Vinyl (LP)"}]},{"@type":"WebSite","@id":"https:\/\/noam.dk\/#website","url":"https:\/\/noam.dk\/","name":"Noam.dk","description":"","publisher":{"@id":"https:\/\/noam.dk\/#organization"},"potentialAction":[{"@type":"SearchAction","target":{"@type":"EntryPoint","urlTemplate":"https:\/\/noam.dk\/?s={search_term_string}"},"query-input":{"@type":"PropertyValueSpecification","valueRequired":true,"valueName":"search_term_string"}}],"inLanguage":"da-DK"},{"@type":"Organization","@id":"https:\/\/noam.dk\/#organization","name":"Noam.dk","url":"https:\/\/noam.dk\/","logo":{"@type":"ImageObject","inLanguage":"da-DK","@id":"https:\/\/noam.dk\/#\/schema\/logo\/image\/","url":"https:\/\/noam.dk\/wp-content\/uploads\/2026\/04\/noams-n-logo.jpg","contentUrl":"https:\/\/noam.dk\/wp-content\/uploads\/2026\/04\/noams-n-logo.jpg","width":119,"height":108,"caption":"Noam.dk"},"image":{"@id":"https:\/\/noam.dk\/#\/schema\/logo\/image\/"},"sameAs":["https:\/\/www.facebook.com\/noamsdk"]}]}},"jetpack_sharing_enabled":true,"_links":{"self":[{"href":"https:\/\/noam.dk\/index.php?rest_route=\/wp\/v2\/product\/3553","targetHints":{"allow":["GET"]}}],"collection":[{"href":"https:\/\/noam.dk\/index.php?rest_route=\/wp\/v2\/product"}],"about":[{"href":"https:\/\/noam.dk\/index.php?rest_route=\/wp\/v2\/types\/product"}],"replies":[{"embeddable":true,"href":"https:\/\/noam.dk\/index.php?rest_route=%2Fwp%2Fv2%2Fcomments&post=3553"}],"wp:attachment":[{"href":"https:\/\/noam.dk\/index.php?rest_route=%2Fwp%2Fv2%2Fmedia&parent=3553"}],"wp:term":[{"taxonomy":"product_brand","embeddable":true,"href":"https:\/\/noam.dk\/index.php?rest_route=%2Fwp%2Fv2%2Fproduct_brand&post=3553"},{"taxonomy":"product_cat","embeddable":true,"href":"https:\/\/noam.dk\/index.php?rest_route=%2Fwp%2Fv2%2Fproduct_cat&post=3553"},{"taxonomy":"product_tag","embeddable":true,"href":"https:\/\/noam.dk\/index.php?rest_route=%2Fwp%2Fv2%2Fproduct_tag&post=3553"}],"curies":[{"name":"wp","href":"https:\/\/api.w.org\/{rel}","templated":true}]}}