{"id":3837,"date":"2026-04-03T21:07:56","date_gmt":"2026-04-03T20:07:56","guid":{"rendered":"https:\/\/noam.dk\/?product=vaebnet-med-ord-vinger-lp"},"modified":"2026-04-15T16:45:55","modified_gmt":"2026-04-15T15:45:55","slug":"vaebnet-med-ord-vinger-lp","status":"publish","type":"product","link":"https:\/\/noam.dk\/?product=vaebnet-med-ord-vinger-lp","title":{"rendered":"V\u00e6bnet Med Ord &#038; Vinger (LP)"},"content":{"rendered":"<p>Beskrivelse:<\/p>\n<p>Tirsdag den 19.juni 2018, vil den danske digter Michael Strunge v\u00e6re fyldt 60 \u00e5r, hvis han stadig var iblandt os. Men et fatalt spring ud af sit vindue i sin lejlighed p\u00e5 Webersgade\u00a0 p\u00e5 \u00d8sterbro 9.Marts 1986 satte en stopper for selve livet, og Strunge blev kun 27 \u00e5r.<br \/>\nMen alligevel er han her, 32 \u00e5r efter sin d\u00f8d, ganske present i kulturen, og det skyldes ikke mindst Torben Skj\u00f8dt Jensens dokumentarfilm \u201cV\u00e6bnet med ord &amp; vinger\u201d der siden sin premiere i starten af januar er blevet en betragtelig success \u2013 lidt over 10.000 har l\u00f8st billet til filmen i biografer landet over, og i n\u00e6rheden af 3.000 har set filmen til s\u00e6rarrangementer \u2013 bla. p\u00e5 litteratur og lyrikfestivalen \u201cOrdet\u201d i Aalborg, \u201cVestegnens kulturfestival\u201d i Hvidovre og til arrrangementer for gymnasiel\u00e6rer og elever i K\u00f8benhavn, \u00c5rhus, Odense og Aalborg i samarbejde med forlaget Gyldendal.<br \/>\nDen store succes for filmen har demonstreret med al tydelighed at Strunge \u00a0ikke bare var en bannerf\u00f8rer for ungdommen og de nye b\u00f8lger i starten af 80erne \u2013 ogs\u00e5 nutidens unge ser ham som et taler\u00f8r for deres f\u00f8lelser og syn p\u00e5 livet.<br \/>\nSoundtracket er komponeret af Povl Kristian, der foruden en lang r\u00e6kke andre filmsoundtracks selv har en baggrund i 80ernes musikscene hvor han var en af hovedkr\u00e6fterne i gruppen \u201cHotel Hunger\u201d, men han er ogs\u00e5 kendt som produceren af det sidste album af Lars H.U.G. \u2013 \u201c10 sekunders stilhed\u201d.<br \/>\nP\u00e5 sountracket til \u201cV\u00e6bner med ord &amp; vinger\u201d s\u00e6tter Povl Kristian musik til en lang r\u00e6kke af Strunges digte som reciteres af digteren selv, og med sig I studiet har han haft Flemming Muus fra Joytown og Peter Peter Schneidermann der er ogs\u00e5 har bidraget med\u00a0 en ny indspilning af Sodsklassikeren \u201cNo ref\u201d i en ny version sammen med Peter Kyed, samples fra Bleedernummeret \u201c Jeg skal d\u00f8 ved Arres\u00f8\u201d til Strungedigtet \u201cNatmaskinen\u201d og s\u00e5 ikke mindst Bleederklassikeren \u201cGoodbye Cruel World\u201d der er blevet filmens titelsang.<\/p>\n<p><strong>Trackliste<\/strong><br \/>\n<strong>Side A <\/strong><\/p>\n<p>1 Prelude<br \/>\n2 Decay78<br \/>\n3 Den H\u00e6slige By<br \/>\n4 Natmaskinen<br \/>\n5 \u00d8jnenes Udsendte<br \/>\n6 Alle De Gale<\/p>\n<p><strong>Side B<\/strong><br \/>\n1 Krystalskibet<br \/>\n2 9.Juni 1983, K\u00f8benhavn<br \/>\n3 Isolation<br \/>\n4 Rummet<br \/>\n5 Epilog<br \/>\n6 Goodbye Cruel World<\/p>\n<p><strong>Format: Vinyl <\/strong><br \/>\n<strong>Udgivelsesdato: 09-06-2018 <\/strong><br \/>\n<strong>Genre: Soundtrack <\/strong><br \/>\n<strong>Varenr: 5706274009736<\/strong><\/p>\n","protected":false},"excerpt":{"rendered":"<p>Beskrivelse: Tirsdag den 19.juni 2018, vil den danske digter Michael Strunge v\u00e6re fyldt 60 \u00e5r, hvis han stadig var iblandt [&hellip;]<\/p>\n","protected":false},"featured_media":0,"comment_status":"open","ping_status":"closed","template":"","meta":{"site-sidebar-layout":"default","site-content-layout":"","ast-site-content-layout":"default","site-content-style":"default","site-sidebar-style":"default","ast-global-header-display":"","ast-banner-title-visibility":"","ast-main-header-display":"","ast-hfb-above-header-display":"","ast-hfb-below-header-display":"","ast-hfb-mobile-header-display":"","site-post-title":"","ast-breadcrumbs-content":"","ast-featured-img":"","footer-sml-layout":"","ast-disable-related-posts":"","theme-transparent-header-meta":"default","adv-header-id-meta":"","stick-header-meta":"","header-above-stick-meta":"","header-main-stick-meta":"","header-below-stick-meta":"","astra-migrate-meta-layouts":"set","ast-page-background-enabled":"default","ast-page-background-meta":{"desktop":{"background-color":"var(--ast-global-color-5)","background-image":"","background-repeat":"repeat","background-position":"center center","background-size":"auto","background-attachment":"scroll","background-type":"","background-media":"","overlay-type":"","overlay-color":"","overlay-opacity":"","overlay-gradient":""},"tablet":{"background-color":"","background-image":"","background-repeat":"repeat","background-position":"center center","background-size":"auto","background-attachment":"scroll","background-type":"","background-media":"","overlay-type":"","overlay-color":"","overlay-opacity":"","overlay-gradient":""},"mobile":{"background-color":"","background-image":"","background-repeat":"repeat","background-position":"center center","background-size":"auto","background-attachment":"scroll","background-type":"","background-media":"","overlay-type":"","overlay-color":"","overlay-opacity":"","overlay-gradient":""}},"ast-content-background-meta":{"desktop":{"background-color":"var(--ast-global-color-4)","background-image":"","background-repeat":"repeat","background-position":"center center","background-size":"auto","background-attachment":"scroll","background-type":"","background-media":"","overlay-type":"","overlay-color":"","overlay-opacity":"","overlay-gradient":""},"tablet":{"background-color":"var(--ast-global-color-4)","background-image":"","background-repeat":"repeat","background-position":"center center","background-size":"auto","background-attachment":"scroll","background-type":"","background-media":"","overlay-type":"","overlay-color":"","overlay-opacity":"","overlay-gradient":""},"mobile":{"background-color":"var(--ast-global-color-4)","background-image":"","background-repeat":"repeat","background-position":"center center","background-size":"auto","background-attachment":"scroll","background-type":"","background-media":"","overlay-type":"","overlay-color":"","overlay-opacity":"","overlay-gradient":""}}},"product_brand":[],"product_cat":[195,33],"product_tag":[],"class_list":{"0":"post-3837","1":"product","2":"type-product","3":"status-publish","5":"product_cat-vinyl-dansk","6":"product_cat-vinyl","7":"desktop-align-left","8":"tablet-align-left","9":"mobile-align-left","11":"first","12":"instock","13":"sold-individually","14":"taxable","15":"shipping-taxable","16":"purchasable","17":"product-type-simple"},"supplier_id":null,"supplier_sku":"","barcode":null,"atum_controlled":true,"out_stock_date":null,"out_stock_threshold":null,"inheritable":false,"inbound_stock":null,"stock_on_hold":null,"sold_today":null,"sales_last_days":null,"reserved_stock":null,"customer_returns":null,"warehouse_damage":null,"lost_in_post":null,"other_logs":null,"out_stock_days":null,"lost_sales":null,"has_location":false,"update_date":"2026-04-15T15:45:56","atum_locations":[],"atum_stock_status":"instock","restock_status":false,"low_stock_amount":"","sales_update_date":null,"calc_backorders":null,"yoast_head":"<!-- This site is optimized with the Yoast SEO plugin v27.3 - https:\/\/yoast.com\/product\/yoast-seo-wordpress\/ -->\n<title>V\u00e6bnet Med Ord &amp; Vinger (LP) - Noam.dk<\/title>\n<meta name=\"robots\" content=\"index, follow, max-snippet:-1, max-image-preview:large, max-video-preview:-1\" \/>\n<link rel=\"canonical\" href=\"https:\/\/noam.dk\/?product=vaebnet-med-ord-vinger-lp\" \/>\n<meta property=\"og:locale\" content=\"da_DK\" \/>\n<meta property=\"og:type\" content=\"article\" \/>\n<meta property=\"og:title\" content=\"V\u00e6bnet Med Ord &amp; Vinger (LP) - Noam.dk\" \/>\n<meta property=\"og:description\" content=\"Beskrivelse: Tirsdag den 19.juni 2018, vil den danske digter Michael Strunge v\u00e6re fyldt 60 \u00e5r, hvis han stadig var iblandt [&hellip;]\" \/>\n<meta property=\"og:url\" content=\"https:\/\/noam.dk\/?product=vaebnet-med-ord-vinger-lp\" \/>\n<meta property=\"og:site_name\" content=\"Noam.dk\" \/>\n<meta property=\"article:publisher\" content=\"https:\/\/www.facebook.com\/noamsdk\" \/>\n<meta property=\"article:modified_time\" content=\"2026-04-15T15:45:55+00:00\" \/>\n<meta name=\"twitter:card\" content=\"summary_large_image\" \/>\n<meta name=\"twitter:label1\" content=\"Estimeret l\u00e6setid\" \/>\n\t<meta name=\"twitter:data1\" content=\"2 minutter\" \/>\n<script type=\"application\/ld+json\" class=\"yoast-schema-graph\">{\"@context\":\"https:\\\/\\\/schema.org\",\"@graph\":[{\"@type\":\"WebPage\",\"@id\":\"https:\\\/\\\/noam.dk\\\/?product=vaebnet-med-ord-vinger-lp\",\"url\":\"https:\\\/\\\/noam.dk\\\/?product=vaebnet-med-ord-vinger-lp\",\"name\":\"V\u00e6bnet Med Ord & Vinger (LP) - Noam.dk\",\"isPartOf\":{\"@id\":\"https:\\\/\\\/noam.dk\\\/#website\"},\"datePublished\":\"2026-04-03T20:07:56+00:00\",\"dateModified\":\"2026-04-15T15:45:55+00:00\",\"breadcrumb\":{\"@id\":\"https:\\\/\\\/noam.dk\\\/?product=vaebnet-med-ord-vinger-lp#breadcrumb\"},\"inLanguage\":\"da-DK\",\"potentialAction\":[{\"@type\":\"ReadAction\",\"target\":[\"https:\\\/\\\/noam.dk\\\/?product=vaebnet-med-ord-vinger-lp\"]}]},{\"@type\":\"BreadcrumbList\",\"@id\":\"https:\\\/\\\/noam.dk\\\/?product=vaebnet-med-ord-vinger-lp#breadcrumb\",\"itemListElement\":[{\"@type\":\"ListItem\",\"position\":1,\"name\":\"Hjem\",\"item\":\"https:\\\/\\\/noam.dk\\\/\"},{\"@type\":\"ListItem\",\"position\":2,\"name\":\"Shop\",\"item\":\"https:\\\/\\\/noam.dk\\\/?page_id=8\"},{\"@type\":\"ListItem\",\"position\":3,\"name\":\"V\u00e6bnet Med Ord &#038; Vinger (LP)\"}]},{\"@type\":\"WebSite\",\"@id\":\"https:\\\/\\\/noam.dk\\\/#website\",\"url\":\"https:\\\/\\\/noam.dk\\\/\",\"name\":\"Noam.dk\",\"description\":\"\",\"publisher\":{\"@id\":\"https:\\\/\\\/noam.dk\\\/#organization\"},\"potentialAction\":[{\"@type\":\"SearchAction\",\"target\":{\"@type\":\"EntryPoint\",\"urlTemplate\":\"https:\\\/\\\/noam.dk\\\/?s={search_term_string}\"},\"query-input\":{\"@type\":\"PropertyValueSpecification\",\"valueRequired\":true,\"valueName\":\"search_term_string\"}}],\"inLanguage\":\"da-DK\"},{\"@type\":\"Organization\",\"@id\":\"https:\\\/\\\/noam.dk\\\/#organization\",\"name\":\"Noam.dk\",\"url\":\"https:\\\/\\\/noam.dk\\\/\",\"logo\":{\"@type\":\"ImageObject\",\"inLanguage\":\"da-DK\",\"@id\":\"https:\\\/\\\/noam.dk\\\/#\\\/schema\\\/logo\\\/image\\\/\",\"url\":\"https:\\\/\\\/noam.dk\\\/wp-content\\\/uploads\\\/2026\\\/04\\\/noams-n-logo.jpg\",\"contentUrl\":\"https:\\\/\\\/noam.dk\\\/wp-content\\\/uploads\\\/2026\\\/04\\\/noams-n-logo.jpg\",\"width\":119,\"height\":108,\"caption\":\"Noam.dk\"},\"image\":{\"@id\":\"https:\\\/\\\/noam.dk\\\/#\\\/schema\\\/logo\\\/image\\\/\"},\"sameAs\":[\"https:\\\/\\\/www.facebook.com\\\/noamsdk\"]}]}<\/script>\n<!-- \/ Yoast SEO plugin. -->","yoast_head_json":{"title":"V\u00e6bnet Med Ord & Vinger (LP) - Noam.dk","robots":{"index":"index","follow":"follow","max-snippet":"max-snippet:-1","max-image-preview":"max-image-preview:large","max-video-preview":"max-video-preview:-1"},"canonical":"https:\/\/noam.dk\/?product=vaebnet-med-ord-vinger-lp","og_locale":"da_DK","og_type":"article","og_title":"V\u00e6bnet Med Ord & Vinger (LP) - Noam.dk","og_description":"Beskrivelse: Tirsdag den 19.juni 2018, vil den danske digter Michael Strunge v\u00e6re fyldt 60 \u00e5r, hvis han stadig var iblandt [&hellip;]","og_url":"https:\/\/noam.dk\/?product=vaebnet-med-ord-vinger-lp","og_site_name":"Noam.dk","article_publisher":"https:\/\/www.facebook.com\/noamsdk","article_modified_time":"2026-04-15T15:45:55+00:00","twitter_card":"summary_large_image","twitter_misc":{"Estimeret l\u00e6setid":"2 minutter"},"schema":{"@context":"https:\/\/schema.org","@graph":[{"@type":"WebPage","@id":"https:\/\/noam.dk\/?product=vaebnet-med-ord-vinger-lp","url":"https:\/\/noam.dk\/?product=vaebnet-med-ord-vinger-lp","name":"V\u00e6bnet Med Ord & Vinger (LP) - Noam.dk","isPartOf":{"@id":"https:\/\/noam.dk\/#website"},"datePublished":"2026-04-03T20:07:56+00:00","dateModified":"2026-04-15T15:45:55+00:00","breadcrumb":{"@id":"https:\/\/noam.dk\/?product=vaebnet-med-ord-vinger-lp#breadcrumb"},"inLanguage":"da-DK","potentialAction":[{"@type":"ReadAction","target":["https:\/\/noam.dk\/?product=vaebnet-med-ord-vinger-lp"]}]},{"@type":"BreadcrumbList","@id":"https:\/\/noam.dk\/?product=vaebnet-med-ord-vinger-lp#breadcrumb","itemListElement":[{"@type":"ListItem","position":1,"name":"Hjem","item":"https:\/\/noam.dk\/"},{"@type":"ListItem","position":2,"name":"Shop","item":"https:\/\/noam.dk\/?page_id=8"},{"@type":"ListItem","position":3,"name":"V\u00e6bnet Med Ord &#038; Vinger (LP)"}]},{"@type":"WebSite","@id":"https:\/\/noam.dk\/#website","url":"https:\/\/noam.dk\/","name":"Noam.dk","description":"","publisher":{"@id":"https:\/\/noam.dk\/#organization"},"potentialAction":[{"@type":"SearchAction","target":{"@type":"EntryPoint","urlTemplate":"https:\/\/noam.dk\/?s={search_term_string}"},"query-input":{"@type":"PropertyValueSpecification","valueRequired":true,"valueName":"search_term_string"}}],"inLanguage":"da-DK"},{"@type":"Organization","@id":"https:\/\/noam.dk\/#organization","name":"Noam.dk","url":"https:\/\/noam.dk\/","logo":{"@type":"ImageObject","inLanguage":"da-DK","@id":"https:\/\/noam.dk\/#\/schema\/logo\/image\/","url":"https:\/\/noam.dk\/wp-content\/uploads\/2026\/04\/noams-n-logo.jpg","contentUrl":"https:\/\/noam.dk\/wp-content\/uploads\/2026\/04\/noams-n-logo.jpg","width":119,"height":108,"caption":"Noam.dk"},"image":{"@id":"https:\/\/noam.dk\/#\/schema\/logo\/image\/"},"sameAs":["https:\/\/www.facebook.com\/noamsdk"]}]}},"jetpack_sharing_enabled":true,"_links":{"self":[{"href":"https:\/\/noam.dk\/index.php?rest_route=\/wp\/v2\/product\/3837","targetHints":{"allow":["GET"]}}],"collection":[{"href":"https:\/\/noam.dk\/index.php?rest_route=\/wp\/v2\/product"}],"about":[{"href":"https:\/\/noam.dk\/index.php?rest_route=\/wp\/v2\/types\/product"}],"replies":[{"embeddable":true,"href":"https:\/\/noam.dk\/index.php?rest_route=%2Fwp%2Fv2%2Fcomments&post=3837"}],"wp:attachment":[{"href":"https:\/\/noam.dk\/index.php?rest_route=%2Fwp%2Fv2%2Fmedia&parent=3837"}],"wp:term":[{"taxonomy":"product_brand","embeddable":true,"href":"https:\/\/noam.dk\/index.php?rest_route=%2Fwp%2Fv2%2Fproduct_brand&post=3837"},{"taxonomy":"product_cat","embeddable":true,"href":"https:\/\/noam.dk\/index.php?rest_route=%2Fwp%2Fv2%2Fproduct_cat&post=3837"},{"taxonomy":"product_tag","embeddable":true,"href":"https:\/\/noam.dk\/index.php?rest_route=%2Fwp%2Fv2%2Fproduct_tag&post=3837"}],"curies":[{"name":"wp","href":"https:\/\/api.w.org\/{rel}","templated":true}]}}