{"id":3957,"date":"2026-04-03T21:08:15","date_gmt":"2026-04-03T20:08:15","guid":{"rendered":"https:\/\/noam.dk\/?product=alphabeat-dont-know-whats-cool-anymore-lp"},"modified":"2026-04-15T16:48:13","modified_gmt":"2026-04-15T15:48:13","slug":"alphabeat-dont-know-whats-cool-anymore-lp","status":"publish","type":"product","link":"https:\/\/noam.dk\/?product=alphabeat-dont-know-whats-cool-anymore-lp","title":{"rendered":"Alphabeat: Don&#8217;t Know What&#8217;s Cool Anymore (LP)"},"content":{"rendered":"<p>Der var stjerneregn og store roser fra flere danske medier til den danske sekstet, Alphabeat, som denne sommer vendte tilbage p\u00e5 landets livescener og med en sand hitparade, f\u00f8rt an af comebacksinglen, \u201dShadows\u201d, indtog Gr\u00f8n Koncert og cementerede deres status som danskernes absolutte festfavorit.<br \/>\nOpf\u00f8lgeren til \u201dShadows\u201d er udkommet i form af titelsangen fra det kommende album \u201dDon\u2019t Know What\u2019s Cool Anymore, og 1. november er bandet klar til at slippe hele deres nye album, der indeholder samlet 9 nye sange.<br \/>\nDen nye single er et Alphabeat i nyt gear. Der er skruet helt op for tempoet og poptemperaturen p\u00e5 en sang, der summer af bandets unikke sammenspil, men som samtidigt pr\u00e6senterer en ny skarp poplyd skabt i samarbejde med produceren Emil Falk. Om titlen p\u00e5 b\u00e5de album og single udtaler Stine Bramsen og Anders SG med et smil, at det ikke l\u00e6ngere n\u00f8dvendigvis er dem, der ved hvor tingene bev\u00e6ger sig hen, men at Alphabeat ufortr\u00f8dent insisterer p\u00e5 at g\u00f8re, som de har lyst til og selv f\u00f8ler er rigtigt.<br \/>\nOm det nye album, der er ved at blive f\u00e6rdiggjort netop nu, siger de videre:<br \/>\n\u201dVi har aldrig f\u00f8lt os st\u00e6rkere som band \u2013 og som venner. Der er s\u00e5 meget fornyet energi, lyst, vildskab, venskab, ord og melodier som skal ud, og n\u00e5r man lytter til vores kommende album, tror jeg, man kan h\u00f8re ganske klart, hvad det er for et f\u00e6llesskab, vi har sammen.\u201d<br \/>\nN\u00e5r Anders SG, Stine Bramsen, Anders B, Anders R, Rasmus Nagel og Troels M\u00f8ller tager en tur mere i popland med den nye single \u201dI Don\u2019t Know What\u2019s Cool Anymore\u201d, f\u00f8lger de op p\u00e5 Alphabeats 10. Top 20 single \u2013 hittet \u2019Shadows\u2019, som har ligget urokkeligt p\u00e5 toppen af den danske Airplay Chart med imponerende fem uger som #1 og 22 uger i top 10.<\/p>\n<p><strong>Format: Vinyl<\/strong><br \/>\n<strong>Udgivelsesdato: 01-11-2019 <\/strong><br \/>\n<strong>Genre: Pop <\/strong><br \/>\n<strong>Varenr: WA5054197059117<\/strong><\/p>\n","protected":false},"excerpt":{"rendered":"<p>Der var stjerneregn og store roser fra flere danske medier til den danske sekstet, Alphabeat, som denne sommer vendte tilbage [&hellip;]<\/p>\n","protected":false},"featured_media":0,"comment_status":"open","ping_status":"closed","template":"","meta":{"site-sidebar-layout":"default","site-content-layout":"","ast-site-content-layout":"default","site-content-style":"default","site-sidebar-style":"default","ast-global-header-display":"","ast-banner-title-visibility":"","ast-main-header-display":"","ast-hfb-above-header-display":"","ast-hfb-below-header-display":"","ast-hfb-mobile-header-display":"","site-post-title":"","ast-breadcrumbs-content":"","ast-featured-img":"","footer-sml-layout":"","ast-disable-related-posts":"","theme-transparent-header-meta":"default","adv-header-id-meta":"","stick-header-meta":"","header-above-stick-meta":"","header-main-stick-meta":"","header-below-stick-meta":"","astra-migrate-meta-layouts":"set","ast-page-background-enabled":"default","ast-page-background-meta":{"desktop":{"background-color":"var(--ast-global-color-5)","background-image":"","background-repeat":"repeat","background-position":"center center","background-size":"auto","background-attachment":"scroll","background-type":"","background-media":"","overlay-type":"","overlay-color":"","overlay-opacity":"","overlay-gradient":""},"tablet":{"background-color":"","background-image":"","background-repeat":"repeat","background-position":"center center","background-size":"auto","background-attachment":"scroll","background-type":"","background-media":"","overlay-type":"","overlay-color":"","overlay-opacity":"","overlay-gradient":""},"mobile":{"background-color":"","background-image":"","background-repeat":"repeat","background-position":"center center","background-size":"auto","background-attachment":"scroll","background-type":"","background-media":"","overlay-type":"","overlay-color":"","overlay-opacity":"","overlay-gradient":""}},"ast-content-background-meta":{"desktop":{"background-color":"var(--ast-global-color-4)","background-image":"","background-repeat":"repeat","background-position":"center center","background-size":"auto","background-attachment":"scroll","background-type":"","background-media":"","overlay-type":"","overlay-color":"","overlay-opacity":"","overlay-gradient":""},"tablet":{"background-color":"var(--ast-global-color-4)","background-image":"","background-repeat":"repeat","background-position":"center center","background-size":"auto","background-attachment":"scroll","background-type":"","background-media":"","overlay-type":"","overlay-color":"","overlay-opacity":"","overlay-gradient":""},"mobile":{"background-color":"var(--ast-global-color-4)","background-image":"","background-repeat":"repeat","background-position":"center center","background-size":"auto","background-attachment":"scroll","background-type":"","background-media":"","overlay-type":"","overlay-color":"","overlay-opacity":"","overlay-gradient":""}}},"product_brand":[],"product_cat":[195,33],"product_tag":[],"class_list":{"0":"post-3957","1":"product","2":"type-product","3":"status-publish","5":"product_cat-vinyl-dansk","6":"product_cat-vinyl","7":"desktop-align-left","8":"tablet-align-left","9":"mobile-align-left","11":"first","12":"instock","13":"sold-individually","14":"taxable","15":"shipping-taxable","16":"purchasable","17":"product-type-simple"},"supplier_id":null,"supplier_sku":"","barcode":null,"atum_controlled":true,"out_stock_date":null,"out_stock_threshold":null,"inheritable":false,"inbound_stock":null,"stock_on_hold":null,"sold_today":null,"sales_last_days":null,"reserved_stock":null,"customer_returns":null,"warehouse_damage":null,"lost_in_post":null,"other_logs":null,"out_stock_days":null,"lost_sales":null,"has_location":false,"update_date":"2026-04-15T15:48:14","atum_locations":[],"atum_stock_status":"instock","restock_status":false,"low_stock_amount":"","sales_update_date":null,"calc_backorders":null,"yoast_head":"<!-- This site is optimized with the Yoast SEO plugin v27.3 - https:\/\/yoast.com\/product\/yoast-seo-wordpress\/ -->\n<title>Alphabeat: Don&#039;t Know What&#039;s Cool Anymore (LP) - Noam.dk<\/title>\n<meta name=\"robots\" content=\"index, follow, max-snippet:-1, max-image-preview:large, max-video-preview:-1\" \/>\n<link rel=\"canonical\" href=\"https:\/\/noam.dk\/?product=alphabeat-dont-know-whats-cool-anymore-lp\" \/>\n<meta property=\"og:locale\" content=\"da_DK\" \/>\n<meta property=\"og:type\" content=\"article\" \/>\n<meta property=\"og:title\" content=\"Alphabeat: Don&#039;t Know What&#039;s Cool Anymore (LP) - Noam.dk\" \/>\n<meta property=\"og:description\" content=\"Der var stjerneregn og store roser fra flere danske medier til den danske sekstet, Alphabeat, som denne sommer vendte tilbage [&hellip;]\" \/>\n<meta property=\"og:url\" content=\"https:\/\/noam.dk\/?product=alphabeat-dont-know-whats-cool-anymore-lp\" \/>\n<meta property=\"og:site_name\" content=\"Noam.dk\" \/>\n<meta property=\"article:publisher\" content=\"https:\/\/www.facebook.com\/noamsdk\" \/>\n<meta property=\"article:modified_time\" content=\"2026-04-15T15:48:13+00:00\" \/>\n<meta name=\"twitter:card\" content=\"summary_large_image\" \/>\n<meta name=\"twitter:label1\" content=\"Estimeret l\u00e6setid\" \/>\n\t<meta name=\"twitter:data1\" content=\"2 minutter\" \/>\n<script type=\"application\/ld+json\" class=\"yoast-schema-graph\">{\"@context\":\"https:\\\/\\\/schema.org\",\"@graph\":[{\"@type\":\"WebPage\",\"@id\":\"https:\\\/\\\/noam.dk\\\/?product=alphabeat-dont-know-whats-cool-anymore-lp\",\"url\":\"https:\\\/\\\/noam.dk\\\/?product=alphabeat-dont-know-whats-cool-anymore-lp\",\"name\":\"Alphabeat: Don't Know What's Cool Anymore (LP) - Noam.dk\",\"isPartOf\":{\"@id\":\"https:\\\/\\\/noam.dk\\\/#website\"},\"datePublished\":\"2026-04-03T20:08:15+00:00\",\"dateModified\":\"2026-04-15T15:48:13+00:00\",\"breadcrumb\":{\"@id\":\"https:\\\/\\\/noam.dk\\\/?product=alphabeat-dont-know-whats-cool-anymore-lp#breadcrumb\"},\"inLanguage\":\"da-DK\",\"potentialAction\":[{\"@type\":\"ReadAction\",\"target\":[\"https:\\\/\\\/noam.dk\\\/?product=alphabeat-dont-know-whats-cool-anymore-lp\"]}]},{\"@type\":\"BreadcrumbList\",\"@id\":\"https:\\\/\\\/noam.dk\\\/?product=alphabeat-dont-know-whats-cool-anymore-lp#breadcrumb\",\"itemListElement\":[{\"@type\":\"ListItem\",\"position\":1,\"name\":\"Hjem\",\"item\":\"https:\\\/\\\/noam.dk\\\/\"},{\"@type\":\"ListItem\",\"position\":2,\"name\":\"Shop\",\"item\":\"https:\\\/\\\/noam.dk\\\/?page_id=8\"},{\"@type\":\"ListItem\",\"position\":3,\"name\":\"Alphabeat: Don&#8217;t Know What&#8217;s Cool Anymore (LP)\"}]},{\"@type\":\"WebSite\",\"@id\":\"https:\\\/\\\/noam.dk\\\/#website\",\"url\":\"https:\\\/\\\/noam.dk\\\/\",\"name\":\"Noam.dk\",\"description\":\"\",\"publisher\":{\"@id\":\"https:\\\/\\\/noam.dk\\\/#organization\"},\"potentialAction\":[{\"@type\":\"SearchAction\",\"target\":{\"@type\":\"EntryPoint\",\"urlTemplate\":\"https:\\\/\\\/noam.dk\\\/?s={search_term_string}\"},\"query-input\":{\"@type\":\"PropertyValueSpecification\",\"valueRequired\":true,\"valueName\":\"search_term_string\"}}],\"inLanguage\":\"da-DK\"},{\"@type\":\"Organization\",\"@id\":\"https:\\\/\\\/noam.dk\\\/#organization\",\"name\":\"Noam.dk\",\"url\":\"https:\\\/\\\/noam.dk\\\/\",\"logo\":{\"@type\":\"ImageObject\",\"inLanguage\":\"da-DK\",\"@id\":\"https:\\\/\\\/noam.dk\\\/#\\\/schema\\\/logo\\\/image\\\/\",\"url\":\"https:\\\/\\\/noam.dk\\\/wp-content\\\/uploads\\\/2026\\\/04\\\/noams-n-logo.jpg\",\"contentUrl\":\"https:\\\/\\\/noam.dk\\\/wp-content\\\/uploads\\\/2026\\\/04\\\/noams-n-logo.jpg\",\"width\":119,\"height\":108,\"caption\":\"Noam.dk\"},\"image\":{\"@id\":\"https:\\\/\\\/noam.dk\\\/#\\\/schema\\\/logo\\\/image\\\/\"},\"sameAs\":[\"https:\\\/\\\/www.facebook.com\\\/noamsdk\"]}]}<\/script>\n<!-- \/ Yoast SEO plugin. -->","yoast_head_json":{"title":"Alphabeat: Don't Know What's Cool Anymore (LP) - Noam.dk","robots":{"index":"index","follow":"follow","max-snippet":"max-snippet:-1","max-image-preview":"max-image-preview:large","max-video-preview":"max-video-preview:-1"},"canonical":"https:\/\/noam.dk\/?product=alphabeat-dont-know-whats-cool-anymore-lp","og_locale":"da_DK","og_type":"article","og_title":"Alphabeat: Don't Know What's Cool Anymore (LP) - Noam.dk","og_description":"Der var stjerneregn og store roser fra flere danske medier til den danske sekstet, Alphabeat, som denne sommer vendte tilbage [&hellip;]","og_url":"https:\/\/noam.dk\/?product=alphabeat-dont-know-whats-cool-anymore-lp","og_site_name":"Noam.dk","article_publisher":"https:\/\/www.facebook.com\/noamsdk","article_modified_time":"2026-04-15T15:48:13+00:00","twitter_card":"summary_large_image","twitter_misc":{"Estimeret l\u00e6setid":"2 minutter"},"schema":{"@context":"https:\/\/schema.org","@graph":[{"@type":"WebPage","@id":"https:\/\/noam.dk\/?product=alphabeat-dont-know-whats-cool-anymore-lp","url":"https:\/\/noam.dk\/?product=alphabeat-dont-know-whats-cool-anymore-lp","name":"Alphabeat: Don't Know What's Cool Anymore (LP) - Noam.dk","isPartOf":{"@id":"https:\/\/noam.dk\/#website"},"datePublished":"2026-04-03T20:08:15+00:00","dateModified":"2026-04-15T15:48:13+00:00","breadcrumb":{"@id":"https:\/\/noam.dk\/?product=alphabeat-dont-know-whats-cool-anymore-lp#breadcrumb"},"inLanguage":"da-DK","potentialAction":[{"@type":"ReadAction","target":["https:\/\/noam.dk\/?product=alphabeat-dont-know-whats-cool-anymore-lp"]}]},{"@type":"BreadcrumbList","@id":"https:\/\/noam.dk\/?product=alphabeat-dont-know-whats-cool-anymore-lp#breadcrumb","itemListElement":[{"@type":"ListItem","position":1,"name":"Hjem","item":"https:\/\/noam.dk\/"},{"@type":"ListItem","position":2,"name":"Shop","item":"https:\/\/noam.dk\/?page_id=8"},{"@type":"ListItem","position":3,"name":"Alphabeat: Don&#8217;t Know What&#8217;s Cool Anymore (LP)"}]},{"@type":"WebSite","@id":"https:\/\/noam.dk\/#website","url":"https:\/\/noam.dk\/","name":"Noam.dk","description":"","publisher":{"@id":"https:\/\/noam.dk\/#organization"},"potentialAction":[{"@type":"SearchAction","target":{"@type":"EntryPoint","urlTemplate":"https:\/\/noam.dk\/?s={search_term_string}"},"query-input":{"@type":"PropertyValueSpecification","valueRequired":true,"valueName":"search_term_string"}}],"inLanguage":"da-DK"},{"@type":"Organization","@id":"https:\/\/noam.dk\/#organization","name":"Noam.dk","url":"https:\/\/noam.dk\/","logo":{"@type":"ImageObject","inLanguage":"da-DK","@id":"https:\/\/noam.dk\/#\/schema\/logo\/image\/","url":"https:\/\/noam.dk\/wp-content\/uploads\/2026\/04\/noams-n-logo.jpg","contentUrl":"https:\/\/noam.dk\/wp-content\/uploads\/2026\/04\/noams-n-logo.jpg","width":119,"height":108,"caption":"Noam.dk"},"image":{"@id":"https:\/\/noam.dk\/#\/schema\/logo\/image\/"},"sameAs":["https:\/\/www.facebook.com\/noamsdk"]}]}},"jetpack_sharing_enabled":true,"_links":{"self":[{"href":"https:\/\/noam.dk\/index.php?rest_route=\/wp\/v2\/product\/3957","targetHints":{"allow":["GET"]}}],"collection":[{"href":"https:\/\/noam.dk\/index.php?rest_route=\/wp\/v2\/product"}],"about":[{"href":"https:\/\/noam.dk\/index.php?rest_route=\/wp\/v2\/types\/product"}],"replies":[{"embeddable":true,"href":"https:\/\/noam.dk\/index.php?rest_route=%2Fwp%2Fv2%2Fcomments&post=3957"}],"wp:attachment":[{"href":"https:\/\/noam.dk\/index.php?rest_route=%2Fwp%2Fv2%2Fmedia&parent=3957"}],"wp:term":[{"taxonomy":"product_brand","embeddable":true,"href":"https:\/\/noam.dk\/index.php?rest_route=%2Fwp%2Fv2%2Fproduct_brand&post=3957"},{"taxonomy":"product_cat","embeddable":true,"href":"https:\/\/noam.dk\/index.php?rest_route=%2Fwp%2Fv2%2Fproduct_cat&post=3957"},{"taxonomy":"product_tag","embeddable":true,"href":"https:\/\/noam.dk\/index.php?rest_route=%2Fwp%2Fv2%2Fproduct_tag&post=3957"}],"curies":[{"name":"wp","href":"https:\/\/api.w.org\/{rel}","templated":true}]}}