{"id":3960,"date":"2026-04-03T21:08:15","date_gmt":"2026-04-03T20:08:15","guid":{"rendered":"https:\/\/noam.dk\/?product=jeppesen-odense-banegaard-lp"},"modified":"2026-04-15T19:30:17","modified_gmt":"2026-04-15T18:30:17","slug":"jeppesen-odense-banegaard-lp","status":"publish","type":"product","link":"https:\/\/noam.dk\/?product=jeppesen-odense-banegaard-lp","title":{"rendered":"Jeppesen: Odense Baneg\u00e5rd (LP)"},"content":{"rendered":"<p>Odense Baneg\u00e5rd J\u00f8rn Jeppesen \u2013 JEPPESEN \u2013 har i mange \u00e5r v\u00e6ret en del af musikbranchen p\u00e5 h\u00f8jeste niveau som musiker, manager og r\u00e5dgiver for nogle af branchens st\u00f8rste navne. Mest kendt er han for sit n\u00e6sten 20-\u00e5rige arbejde som manager for Kim Larsen, ligesom han ogs\u00e5 i de sidste 4-5 \u00e5r var musiker i Kjukken. Men nu er JEPPESEN vendt tilbage til sit oprindelige udgangspunkt som musiker, sanger og komponist, og udgiver sit debutalbum \u2019Odense Baneg\u00e5rd\u2019 d. 30. august 2019. Albummet indeholder 12 sange der alle sange er skrevet inden for det sidste 1-2 \u00e5r, og er s\u00e5ledes et spejl p\u00e5 det sted han nu er i livet. JEPPESEN mestrer kunsten at st\u00e5 ved det enkle, med en flertydighed, der skaber et meget vedkommende udtryk. Og han skriver potente omkv\u00e6d, der s\u00e6tter sig efter f\u00f8rste gennemlytning, og med poetiske danske tekster, hvor man kommer godt rundt om livet som menneske. Om det at vi kun har det ene liv og i en meget begr\u00e6nset tid, om til- og fravalg og om mod til at turde st\u00e5 ved den man er. En voksen mand der \u00f8ser ud af sine historier om et liv, som det er for de fleste af os.<br \/>\nDen sn\u00f8rklede vej \/ en slags biografi J\u00f8rn Jeppesen, 52 \u00e5r, er f\u00f8dt p\u00e5 Stevns og opvokset i en lille landsby i 70\u2019ernes Danmark. Udover faderens store gl\u00e6de ved at synge, var der ingen familietradition for at spille et instrument. Men da J\u00f8rn som 15-\u00e5rig s\u00e5 Electric Light Orchestra i Br\u00f8ndby-Hallen og samtidig m\u00f8dte stores\u00f8sterens venner, der havde et band, var han solgt til musikken. Han byttede sig til en guitar og kastede sig som det f\u00f8rste over Beatles-kataloget. K\u00e6rligheden til Beatles-sangene og historien om de fire beatler har aldrig siden fortaget sig. Ligesom den daglige gl\u00e6de ved at spille guitar og synge ogs\u00e5 altid har fulgt med J\u00f8rn. Massevis af spillejobs igennem 90\u2019erne p\u00e5 cafeer og v\u00e6rtshuse, og sidel\u00f8bende fik han brug for sine sangevner i et dengang meget popul\u00e6rt festivalband; Killer Queen (Queen Cover). J\u00f8rn skrev og indspillede desuden i denne periode en r\u00e6kke engelsksprogede sange, men da han var ikke tilfreds med resultatet, blev de i skrivebordsskuffen. J\u00f8rn blev ansat p\u00e5 et bookingbureau og m\u00f8dte derigennem Kim Larsen, som hyrede ham som manager i januar 2001. I 2002 etablerede J\u00f8rn sit eget booking\/management-bureau og passede derigennem jobbet for en r\u00e6kke store danske artister og musikken blev lagt delvist p\u00e5 hylden. Samarbejdet med Kim Larsen udviklede sig til mere end at v\u00e6re manager. Larsen begyndte at bruge J\u00f8rn n\u00e5r de f\u00f8rste demoer af nye sange skulle indspilles, og i 2015 kom J\u00f8rn med som fast mand i Kim Larsen &amp; Kjukken. Mere end 170 koncerter og to albums blev det til de sidste fire \u00e5r. J\u00f8rns gl\u00e6de ved at spille og synge og skabe musik var dermed blevet genskabt og gjorde, at han begyndte at skrive sange igen. Nu med danske tekster og med et langt liv at fort\u00e6lle ud fra. S\u00e5 det var naturligt for J\u00f8rn \u2013 efter Kim Larsen \u2013 at g\u00e5 i gang med at indspille og udgive de sange, der nu kommer p\u00e5 debutalbummet.<br \/>\nIndspillet i Medleys Studios Albummet er indspillet i legendariske Medley Studios p\u00e5 Vesterbro i det centrale K\u00f8benhavn. Indspilningerne foregik fra december 2018 til maj 2019. Sangene er produceret af S\u00f8ren Mikkelsen, der har arbejdet med alle store danske artister. Eneste musikere p\u00e5 albummet er producer S\u00f8ren Mikkelsen og J\u00f8rn Jeppesen. De to har kendt hinanden i mange \u00e5r, og kan begge spille lidt af hvert, s\u00e5 det var et meget effektivt set-up fra f\u00f8rste dag. JEPPESEN synger selv alle lead- og korstemmer, og spiller p\u00e5 albummet en masse guitar. S\u00f8ren Mikkelsen er god p\u00e5 computeren, keyboard, trommer, bas og guitar, og tilsammen har de skabt et unikt udtryk, hvor aktuelle pop-virkemidler spiller sammen med den traditionelle musiktradition.<br \/>\nTrackliste Side A 1 Hjem Igen 2 Odense Baneg\u00e5rd 3 Det Hemmelige Sted 4 Kan Du Lide Mig 5 Til Dit Sted 6 Tankespind Side B 7 Kaste Mine Tanker 8 Aldrig G\u00e5 Alene 9 Alting Forandres 10 Dr\u00f8mmerejsen 11 Bare Du Ville 12 Still The One<\/p>\n<p><strong>Format: Vinyl <\/strong><br \/>\n<strong>Udgivelsesdato: 30-08-2019 <\/strong><br \/>\n<strong>Genre: Pop <\/strong><br \/>\n<strong>Varenr: WA5054197052675<\/strong><\/p>\n","protected":false},"excerpt":{"rendered":"<p>Odense Baneg\u00e5rd J\u00f8rn Jeppesen \u2013 JEPPESEN \u2013 har i mange \u00e5r v\u00e6ret en del af musikbranchen p\u00e5 h\u00f8jeste niveau som [&hellip;]<\/p>\n","protected":false},"featured_media":0,"comment_status":"open","ping_status":"closed","template":"","meta":{"site-sidebar-layout":"default","site-content-layout":"","ast-site-content-layout":"default","site-content-style":"default","site-sidebar-style":"default","ast-global-header-display":"","ast-banner-title-visibility":"","ast-main-header-display":"","ast-hfb-above-header-display":"","ast-hfb-below-header-display":"","ast-hfb-mobile-header-display":"","site-post-title":"","ast-breadcrumbs-content":"","ast-featured-img":"","footer-sml-layout":"","ast-disable-related-posts":"","theme-transparent-header-meta":"default","adv-header-id-meta":"","stick-header-meta":"","header-above-stick-meta":"","header-main-stick-meta":"","header-below-stick-meta":"","astra-migrate-meta-layouts":"set","ast-page-background-enabled":"default","ast-page-background-meta":{"desktop":{"background-color":"var(--ast-global-color-5)","background-image":"","background-repeat":"repeat","background-position":"center center","background-size":"auto","background-attachment":"scroll","background-type":"","background-media":"","overlay-type":"","overlay-color":"","overlay-opacity":"","overlay-gradient":""},"tablet":{"background-color":"","background-image":"","background-repeat":"repeat","background-position":"center center","background-size":"auto","background-attachment":"scroll","background-type":"","background-media":"","overlay-type":"","overlay-color":"","overlay-opacity":"","overlay-gradient":""},"mobile":{"background-color":"","background-image":"","background-repeat":"repeat","background-position":"center center","background-size":"auto","background-attachment":"scroll","background-type":"","background-media":"","overlay-type":"","overlay-color":"","overlay-opacity":"","overlay-gradient":""}},"ast-content-background-meta":{"desktop":{"background-color":"var(--ast-global-color-4)","background-image":"","background-repeat":"repeat","background-position":"center center","background-size":"auto","background-attachment":"scroll","background-type":"","background-media":"","overlay-type":"","overlay-color":"","overlay-opacity":"","overlay-gradient":""},"tablet":{"background-color":"var(--ast-global-color-4)","background-image":"","background-repeat":"repeat","background-position":"center center","background-size":"auto","background-attachment":"scroll","background-type":"","background-media":"","overlay-type":"","overlay-color":"","overlay-opacity":"","overlay-gradient":""},"mobile":{"background-color":"var(--ast-global-color-4)","background-image":"","background-repeat":"repeat","background-position":"center center","background-size":"auto","background-attachment":"scroll","background-type":"","background-media":"","overlay-type":"","overlay-color":"","overlay-opacity":"","overlay-gradient":""}}},"product_brand":[],"product_cat":[195,33],"product_tag":[],"class_list":{"0":"post-3960","1":"product","2":"type-product","3":"status-publish","5":"product_cat-vinyl-dansk","6":"product_cat-vinyl","7":"desktop-align-left","8":"tablet-align-left","9":"mobile-align-left","11":"first","12":"instock","13":"sold-individually","14":"taxable","15":"shipping-taxable","16":"purchasable","17":"product-type-simple"},"supplier_id":null,"supplier_sku":"","barcode":null,"atum_controlled":true,"out_stock_date":null,"out_stock_threshold":null,"inheritable":false,"inbound_stock":null,"stock_on_hold":null,"sold_today":null,"sales_last_days":null,"reserved_stock":null,"customer_returns":null,"warehouse_damage":null,"lost_in_post":null,"other_logs":null,"out_stock_days":null,"lost_sales":null,"has_location":false,"update_date":"2026-04-15T18:30:18","atum_locations":[],"atum_stock_status":"instock","restock_status":false,"low_stock_amount":"","sales_update_date":null,"calc_backorders":null,"yoast_head":"<!-- This site is optimized with the Yoast SEO plugin v27.3 - https:\/\/yoast.com\/product\/yoast-seo-wordpress\/ -->\n<title>Jeppesen: Odense Baneg\u00e5rd (LP) - Noam.dk<\/title>\n<meta name=\"robots\" content=\"index, follow, max-snippet:-1, max-image-preview:large, max-video-preview:-1\" \/>\n<link rel=\"canonical\" href=\"https:\/\/noam.dk\/?product=jeppesen-odense-banegaard-lp\" \/>\n<meta property=\"og:locale\" content=\"da_DK\" \/>\n<meta property=\"og:type\" content=\"article\" \/>\n<meta property=\"og:title\" content=\"Jeppesen: Odense Baneg\u00e5rd (LP) - Noam.dk\" \/>\n<meta property=\"og:description\" content=\"Odense Baneg\u00e5rd J\u00f8rn Jeppesen \u2013 JEPPESEN \u2013 har i mange \u00e5r v\u00e6ret en del af musikbranchen p\u00e5 h\u00f8jeste niveau som [&hellip;]\" \/>\n<meta property=\"og:url\" content=\"https:\/\/noam.dk\/?product=jeppesen-odense-banegaard-lp\" \/>\n<meta property=\"og:site_name\" content=\"Noam.dk\" \/>\n<meta property=\"article:publisher\" content=\"https:\/\/www.facebook.com\/noamsdk\" \/>\n<meta property=\"article:modified_time\" content=\"2026-04-15T18:30:17+00:00\" \/>\n<meta name=\"twitter:card\" content=\"summary_large_image\" \/>\n<meta name=\"twitter:label1\" content=\"Estimeret l\u00e6setid\" \/>\n\t<meta name=\"twitter:data1\" content=\"4 minutter\" \/>\n<script type=\"application\/ld+json\" class=\"yoast-schema-graph\">{\"@context\":\"https:\\\/\\\/schema.org\",\"@graph\":[{\"@type\":\"WebPage\",\"@id\":\"https:\\\/\\\/noam.dk\\\/?product=jeppesen-odense-banegaard-lp\",\"url\":\"https:\\\/\\\/noam.dk\\\/?product=jeppesen-odense-banegaard-lp\",\"name\":\"Jeppesen: Odense Baneg\u00e5rd (LP) - Noam.dk\",\"isPartOf\":{\"@id\":\"https:\\\/\\\/noam.dk\\\/#website\"},\"datePublished\":\"2026-04-03T20:08:15+00:00\",\"dateModified\":\"2026-04-15T18:30:17+00:00\",\"breadcrumb\":{\"@id\":\"https:\\\/\\\/noam.dk\\\/?product=jeppesen-odense-banegaard-lp#breadcrumb\"},\"inLanguage\":\"da-DK\",\"potentialAction\":[{\"@type\":\"ReadAction\",\"target\":[\"https:\\\/\\\/noam.dk\\\/?product=jeppesen-odense-banegaard-lp\"]}]},{\"@type\":\"BreadcrumbList\",\"@id\":\"https:\\\/\\\/noam.dk\\\/?product=jeppesen-odense-banegaard-lp#breadcrumb\",\"itemListElement\":[{\"@type\":\"ListItem\",\"position\":1,\"name\":\"Hjem\",\"item\":\"https:\\\/\\\/noam.dk\\\/\"},{\"@type\":\"ListItem\",\"position\":2,\"name\":\"Shop\",\"item\":\"https:\\\/\\\/noam.dk\\\/?page_id=8\"},{\"@type\":\"ListItem\",\"position\":3,\"name\":\"Jeppesen: Odense Baneg\u00e5rd (LP)\"}]},{\"@type\":\"WebSite\",\"@id\":\"https:\\\/\\\/noam.dk\\\/#website\",\"url\":\"https:\\\/\\\/noam.dk\\\/\",\"name\":\"Noam.dk\",\"description\":\"\",\"publisher\":{\"@id\":\"https:\\\/\\\/noam.dk\\\/#organization\"},\"potentialAction\":[{\"@type\":\"SearchAction\",\"target\":{\"@type\":\"EntryPoint\",\"urlTemplate\":\"https:\\\/\\\/noam.dk\\\/?s={search_term_string}\"},\"query-input\":{\"@type\":\"PropertyValueSpecification\",\"valueRequired\":true,\"valueName\":\"search_term_string\"}}],\"inLanguage\":\"da-DK\"},{\"@type\":\"Organization\",\"@id\":\"https:\\\/\\\/noam.dk\\\/#organization\",\"name\":\"Noam.dk\",\"url\":\"https:\\\/\\\/noam.dk\\\/\",\"logo\":{\"@type\":\"ImageObject\",\"inLanguage\":\"da-DK\",\"@id\":\"https:\\\/\\\/noam.dk\\\/#\\\/schema\\\/logo\\\/image\\\/\",\"url\":\"https:\\\/\\\/noam.dk\\\/wp-content\\\/uploads\\\/2026\\\/04\\\/noams-n-logo.jpg\",\"contentUrl\":\"https:\\\/\\\/noam.dk\\\/wp-content\\\/uploads\\\/2026\\\/04\\\/noams-n-logo.jpg\",\"width\":119,\"height\":108,\"caption\":\"Noam.dk\"},\"image\":{\"@id\":\"https:\\\/\\\/noam.dk\\\/#\\\/schema\\\/logo\\\/image\\\/\"},\"sameAs\":[\"https:\\\/\\\/www.facebook.com\\\/noamsdk\"]}]}<\/script>\n<!-- \/ Yoast SEO plugin. -->","yoast_head_json":{"title":"Jeppesen: Odense Baneg\u00e5rd (LP) - Noam.dk","robots":{"index":"index","follow":"follow","max-snippet":"max-snippet:-1","max-image-preview":"max-image-preview:large","max-video-preview":"max-video-preview:-1"},"canonical":"https:\/\/noam.dk\/?product=jeppesen-odense-banegaard-lp","og_locale":"da_DK","og_type":"article","og_title":"Jeppesen: Odense Baneg\u00e5rd (LP) - Noam.dk","og_description":"Odense Baneg\u00e5rd J\u00f8rn Jeppesen \u2013 JEPPESEN \u2013 har i mange \u00e5r v\u00e6ret en del af musikbranchen p\u00e5 h\u00f8jeste niveau som [&hellip;]","og_url":"https:\/\/noam.dk\/?product=jeppesen-odense-banegaard-lp","og_site_name":"Noam.dk","article_publisher":"https:\/\/www.facebook.com\/noamsdk","article_modified_time":"2026-04-15T18:30:17+00:00","twitter_card":"summary_large_image","twitter_misc":{"Estimeret l\u00e6setid":"4 minutter"},"schema":{"@context":"https:\/\/schema.org","@graph":[{"@type":"WebPage","@id":"https:\/\/noam.dk\/?product=jeppesen-odense-banegaard-lp","url":"https:\/\/noam.dk\/?product=jeppesen-odense-banegaard-lp","name":"Jeppesen: Odense Baneg\u00e5rd (LP) - Noam.dk","isPartOf":{"@id":"https:\/\/noam.dk\/#website"},"datePublished":"2026-04-03T20:08:15+00:00","dateModified":"2026-04-15T18:30:17+00:00","breadcrumb":{"@id":"https:\/\/noam.dk\/?product=jeppesen-odense-banegaard-lp#breadcrumb"},"inLanguage":"da-DK","potentialAction":[{"@type":"ReadAction","target":["https:\/\/noam.dk\/?product=jeppesen-odense-banegaard-lp"]}]},{"@type":"BreadcrumbList","@id":"https:\/\/noam.dk\/?product=jeppesen-odense-banegaard-lp#breadcrumb","itemListElement":[{"@type":"ListItem","position":1,"name":"Hjem","item":"https:\/\/noam.dk\/"},{"@type":"ListItem","position":2,"name":"Shop","item":"https:\/\/noam.dk\/?page_id=8"},{"@type":"ListItem","position":3,"name":"Jeppesen: Odense Baneg\u00e5rd (LP)"}]},{"@type":"WebSite","@id":"https:\/\/noam.dk\/#website","url":"https:\/\/noam.dk\/","name":"Noam.dk","description":"","publisher":{"@id":"https:\/\/noam.dk\/#organization"},"potentialAction":[{"@type":"SearchAction","target":{"@type":"EntryPoint","urlTemplate":"https:\/\/noam.dk\/?s={search_term_string}"},"query-input":{"@type":"PropertyValueSpecification","valueRequired":true,"valueName":"search_term_string"}}],"inLanguage":"da-DK"},{"@type":"Organization","@id":"https:\/\/noam.dk\/#organization","name":"Noam.dk","url":"https:\/\/noam.dk\/","logo":{"@type":"ImageObject","inLanguage":"da-DK","@id":"https:\/\/noam.dk\/#\/schema\/logo\/image\/","url":"https:\/\/noam.dk\/wp-content\/uploads\/2026\/04\/noams-n-logo.jpg","contentUrl":"https:\/\/noam.dk\/wp-content\/uploads\/2026\/04\/noams-n-logo.jpg","width":119,"height":108,"caption":"Noam.dk"},"image":{"@id":"https:\/\/noam.dk\/#\/schema\/logo\/image\/"},"sameAs":["https:\/\/www.facebook.com\/noamsdk"]}]}},"jetpack_sharing_enabled":true,"_links":{"self":[{"href":"https:\/\/noam.dk\/index.php?rest_route=\/wp\/v2\/product\/3960","targetHints":{"allow":["GET"]}}],"collection":[{"href":"https:\/\/noam.dk\/index.php?rest_route=\/wp\/v2\/product"}],"about":[{"href":"https:\/\/noam.dk\/index.php?rest_route=\/wp\/v2\/types\/product"}],"replies":[{"embeddable":true,"href":"https:\/\/noam.dk\/index.php?rest_route=%2Fwp%2Fv2%2Fcomments&post=3960"}],"wp:attachment":[{"href":"https:\/\/noam.dk\/index.php?rest_route=%2Fwp%2Fv2%2Fmedia&parent=3960"}],"wp:term":[{"taxonomy":"product_brand","embeddable":true,"href":"https:\/\/noam.dk\/index.php?rest_route=%2Fwp%2Fv2%2Fproduct_brand&post=3960"},{"taxonomy":"product_cat","embeddable":true,"href":"https:\/\/noam.dk\/index.php?rest_route=%2Fwp%2Fv2%2Fproduct_cat&post=3960"},{"taxonomy":"product_tag","embeddable":true,"href":"https:\/\/noam.dk\/index.php?rest_route=%2Fwp%2Fv2%2Fproduct_tag&post=3960"}],"curies":[{"name":"wp","href":"https:\/\/api.w.org\/{rel}","templated":true}]}}