{"id":4444,"date":"2026-04-03T21:09:29","date_gmt":"2026-04-03T20:09:29","guid":{"rendered":"https:\/\/noam.dk\/?product=angaaende-mig-hestehjerte-lp"},"modified":"2026-04-15T16:49:18","modified_gmt":"2026-04-15T15:49:18","slug":"angaaende-mig-hestehjerte-lp","status":"publish","type":"product","link":"https:\/\/noam.dk\/?product=angaaende-mig-hestehjerte-lp","title":{"rendered":"Ang\u00e5ende Mig: Hestehjerte (LP)"},"content":{"rendered":"<p>Ang\u00e5ende Mig udgiver EP\u2019en Hestehjerte &#8211; og slipper et galopperende hjerte l\u00f8s udover stepper af hviskende lullabies. Med Hestehjerte inviterer Ang\u00e5ende Mig os ind i et intimt rum af omsorgsfuld vrede og f\u00f8lelsesm\u00e6ssig klaustrofobi, hvor lindrende svar p\u00e5 h\u00e5bl\u00f8se sp\u00f8rgsm\u00e5l udfolder sig i samtaler fra en 140 cm seng. P\u00e5 Hestehjerte m\u00f8der vi storbyen og dr\u00f8mmen om at komme v\u00e6k fra den igen. EP\u2019en kredser om en sluttyver queer krise, hvor d\u00e9t at blive voksen, kan f\u00f8les dysforisk; For hvordan bliver vi d\u00e9t, n\u00e5r de normer man blev tilbudt, ikke passer? Hvordan bygger vi en verden, der f\u00f8les som vores? Hvordan skaber vi familier, der str\u00e6kker sig udover det biologiske og normative? Med Hestehjerte tr\u00e6der Ang\u00e5ende Mig ind i et nyt, minimalistisk lydlandskab, hvor r\u00e5 og umiddelbare produktioner danner rammen for et univers, hvor dr\u00f8mme, angst og omsorg v\u00e6ves n\u00e6nsomt sammen i et n\u00e6rt og n\u00f8gent udtryk.<\/p>\n<p><strong>Trackliste<\/strong><br \/>\n1. Emh\u00e6tte<br \/>\n2. Rockstar<br \/>\n3. Hestehjerte<br \/>\n4. 13\/05\/25<br \/>\n5. Tr\u00e6erne I Haven<br \/>\n6. Jeg H\u00e5ber Du Er Tr\u00e6t<\/p>\n<p><strong>Format:\u00a0Neon Pink Vinyl <\/strong><br \/>\n<strong>Udgivelsesdato:\u00a029-08-2025 <\/strong><br \/>\n<strong>Genre: Pop <\/strong><br \/>\n<strong>Label:\u00a0Universal <\/strong><br \/>\n<strong>Varenr: 0602478517501<\/strong><\/p>\n","protected":false},"excerpt":{"rendered":"<p>Ang\u00e5ende Mig udgiver EP\u2019en Hestehjerte &#8211; og slipper et galopperende hjerte l\u00f8s udover stepper af hviskende lullabies. Med Hestehjerte inviterer [&hellip;]<\/p>\n","protected":false},"featured_media":0,"comment_status":"open","ping_status":"closed","template":"","meta":{"site-sidebar-layout":"default","site-content-layout":"","ast-site-content-layout":"default","site-content-style":"default","site-sidebar-style":"default","ast-global-header-display":"","ast-banner-title-visibility":"","ast-main-header-display":"","ast-hfb-above-header-display":"","ast-hfb-below-header-display":"","ast-hfb-mobile-header-display":"","site-post-title":"","ast-breadcrumbs-content":"","ast-featured-img":"","footer-sml-layout":"","ast-disable-related-posts":"","theme-transparent-header-meta":"default","adv-header-id-meta":"","stick-header-meta":"","header-above-stick-meta":"","header-main-stick-meta":"","header-below-stick-meta":"","astra-migrate-meta-layouts":"set","ast-page-background-enabled":"default","ast-page-background-meta":{"desktop":{"background-color":"var(--ast-global-color-5)","background-image":"","background-repeat":"repeat","background-position":"center center","background-size":"auto","background-attachment":"scroll","background-type":"","background-media":"","overlay-type":"","overlay-color":"","overlay-opacity":"","overlay-gradient":""},"tablet":{"background-color":"","background-image":"","background-repeat":"repeat","background-position":"center center","background-size":"auto","background-attachment":"scroll","background-type":"","background-media":"","overlay-type":"","overlay-color":"","overlay-opacity":"","overlay-gradient":""},"mobile":{"background-color":"","background-image":"","background-repeat":"repeat","background-position":"center center","background-size":"auto","background-attachment":"scroll","background-type":"","background-media":"","overlay-type":"","overlay-color":"","overlay-opacity":"","overlay-gradient":""}},"ast-content-background-meta":{"desktop":{"background-color":"var(--ast-global-color-4)","background-image":"","background-repeat":"repeat","background-position":"center center","background-size":"auto","background-attachment":"scroll","background-type":"","background-media":"","overlay-type":"","overlay-color":"","overlay-opacity":"","overlay-gradient":""},"tablet":{"background-color":"var(--ast-global-color-4)","background-image":"","background-repeat":"repeat","background-position":"center center","background-size":"auto","background-attachment":"scroll","background-type":"","background-media":"","overlay-type":"","overlay-color":"","overlay-opacity":"","overlay-gradient":""},"mobile":{"background-color":"var(--ast-global-color-4)","background-image":"","background-repeat":"repeat","background-position":"center center","background-size":"auto","background-attachment":"scroll","background-type":"","background-media":"","overlay-type":"","overlay-color":"","overlay-opacity":"","overlay-gradient":""}}},"product_brand":[],"product_cat":[195,33],"product_tag":[],"class_list":{"0":"post-4444","1":"product","2":"type-product","3":"status-publish","5":"product_cat-vinyl-dansk","6":"product_cat-vinyl","7":"desktop-align-left","8":"tablet-align-left","9":"mobile-align-left","11":"first","12":"instock","13":"sold-individually","14":"taxable","15":"shipping-taxable","16":"purchasable","17":"product-type-simple"},"supplier_id":null,"supplier_sku":"","barcode":null,"atum_controlled":true,"out_stock_date":null,"out_stock_threshold":null,"inheritable":false,"inbound_stock":null,"stock_on_hold":null,"sold_today":null,"sales_last_days":null,"reserved_stock":null,"customer_returns":null,"warehouse_damage":null,"lost_in_post":null,"other_logs":null,"out_stock_days":null,"lost_sales":null,"has_location":false,"update_date":"2026-04-15T15:49:19","atum_locations":[],"atum_stock_status":"instock","restock_status":false,"low_stock_amount":"","sales_update_date":null,"calc_backorders":null,"yoast_head":"<!-- This site is optimized with the Yoast SEO plugin v27.3 - https:\/\/yoast.com\/product\/yoast-seo-wordpress\/ -->\n<title>Ang\u00e5ende Mig: Hestehjerte (LP) - Noam.dk<\/title>\n<meta name=\"robots\" content=\"index, follow, max-snippet:-1, max-image-preview:large, max-video-preview:-1\" \/>\n<link rel=\"canonical\" href=\"https:\/\/noam.dk\/?product=angaaende-mig-hestehjerte-lp\" \/>\n<meta property=\"og:locale\" content=\"da_DK\" \/>\n<meta property=\"og:type\" content=\"article\" \/>\n<meta property=\"og:title\" content=\"Ang\u00e5ende Mig: Hestehjerte (LP) - Noam.dk\" \/>\n<meta property=\"og:description\" content=\"Ang\u00e5ende Mig udgiver EP\u2019en Hestehjerte &#8211; og slipper et galopperende hjerte l\u00f8s udover stepper af hviskende lullabies. Med Hestehjerte inviterer [&hellip;]\" \/>\n<meta property=\"og:url\" content=\"https:\/\/noam.dk\/?product=angaaende-mig-hestehjerte-lp\" \/>\n<meta property=\"og:site_name\" content=\"Noam.dk\" \/>\n<meta property=\"article:publisher\" content=\"https:\/\/www.facebook.com\/noamsdk\" \/>\n<meta property=\"article:modified_time\" content=\"2026-04-15T15:49:18+00:00\" \/>\n<meta name=\"twitter:card\" content=\"summary_large_image\" \/>\n<meta name=\"twitter:label1\" content=\"Estimeret l\u00e6setid\" \/>\n\t<meta name=\"twitter:data1\" content=\"1 minut\" \/>\n<script type=\"application\/ld+json\" class=\"yoast-schema-graph\">{\"@context\":\"https:\\\/\\\/schema.org\",\"@graph\":[{\"@type\":\"WebPage\",\"@id\":\"https:\\\/\\\/noam.dk\\\/?product=angaaende-mig-hestehjerte-lp\",\"url\":\"https:\\\/\\\/noam.dk\\\/?product=angaaende-mig-hestehjerte-lp\",\"name\":\"Ang\u00e5ende Mig: Hestehjerte (LP) - Noam.dk\",\"isPartOf\":{\"@id\":\"https:\\\/\\\/noam.dk\\\/#website\"},\"datePublished\":\"2026-04-03T20:09:29+00:00\",\"dateModified\":\"2026-04-15T15:49:18+00:00\",\"breadcrumb\":{\"@id\":\"https:\\\/\\\/noam.dk\\\/?product=angaaende-mig-hestehjerte-lp#breadcrumb\"},\"inLanguage\":\"da-DK\",\"potentialAction\":[{\"@type\":\"ReadAction\",\"target\":[\"https:\\\/\\\/noam.dk\\\/?product=angaaende-mig-hestehjerte-lp\"]}]},{\"@type\":\"BreadcrumbList\",\"@id\":\"https:\\\/\\\/noam.dk\\\/?product=angaaende-mig-hestehjerte-lp#breadcrumb\",\"itemListElement\":[{\"@type\":\"ListItem\",\"position\":1,\"name\":\"Hjem\",\"item\":\"https:\\\/\\\/noam.dk\\\/\"},{\"@type\":\"ListItem\",\"position\":2,\"name\":\"Shop\",\"item\":\"https:\\\/\\\/noam.dk\\\/?page_id=8\"},{\"@type\":\"ListItem\",\"position\":3,\"name\":\"Ang\u00e5ende Mig: Hestehjerte (LP)\"}]},{\"@type\":\"WebSite\",\"@id\":\"https:\\\/\\\/noam.dk\\\/#website\",\"url\":\"https:\\\/\\\/noam.dk\\\/\",\"name\":\"Noam.dk\",\"description\":\"\",\"publisher\":{\"@id\":\"https:\\\/\\\/noam.dk\\\/#organization\"},\"potentialAction\":[{\"@type\":\"SearchAction\",\"target\":{\"@type\":\"EntryPoint\",\"urlTemplate\":\"https:\\\/\\\/noam.dk\\\/?s={search_term_string}\"},\"query-input\":{\"@type\":\"PropertyValueSpecification\",\"valueRequired\":true,\"valueName\":\"search_term_string\"}}],\"inLanguage\":\"da-DK\"},{\"@type\":\"Organization\",\"@id\":\"https:\\\/\\\/noam.dk\\\/#organization\",\"name\":\"Noam.dk\",\"url\":\"https:\\\/\\\/noam.dk\\\/\",\"logo\":{\"@type\":\"ImageObject\",\"inLanguage\":\"da-DK\",\"@id\":\"https:\\\/\\\/noam.dk\\\/#\\\/schema\\\/logo\\\/image\\\/\",\"url\":\"https:\\\/\\\/noam.dk\\\/wp-content\\\/uploads\\\/2026\\\/04\\\/noams-n-logo.jpg\",\"contentUrl\":\"https:\\\/\\\/noam.dk\\\/wp-content\\\/uploads\\\/2026\\\/04\\\/noams-n-logo.jpg\",\"width\":119,\"height\":108,\"caption\":\"Noam.dk\"},\"image\":{\"@id\":\"https:\\\/\\\/noam.dk\\\/#\\\/schema\\\/logo\\\/image\\\/\"},\"sameAs\":[\"https:\\\/\\\/www.facebook.com\\\/noamsdk\"]}]}<\/script>\n<!-- \/ Yoast SEO plugin. -->","yoast_head_json":{"title":"Ang\u00e5ende Mig: Hestehjerte (LP) - Noam.dk","robots":{"index":"index","follow":"follow","max-snippet":"max-snippet:-1","max-image-preview":"max-image-preview:large","max-video-preview":"max-video-preview:-1"},"canonical":"https:\/\/noam.dk\/?product=angaaende-mig-hestehjerte-lp","og_locale":"da_DK","og_type":"article","og_title":"Ang\u00e5ende Mig: Hestehjerte (LP) - Noam.dk","og_description":"Ang\u00e5ende Mig udgiver EP\u2019en Hestehjerte &#8211; og slipper et galopperende hjerte l\u00f8s udover stepper af hviskende lullabies. Med Hestehjerte inviterer [&hellip;]","og_url":"https:\/\/noam.dk\/?product=angaaende-mig-hestehjerte-lp","og_site_name":"Noam.dk","article_publisher":"https:\/\/www.facebook.com\/noamsdk","article_modified_time":"2026-04-15T15:49:18+00:00","twitter_card":"summary_large_image","twitter_misc":{"Estimeret l\u00e6setid":"1 minut"},"schema":{"@context":"https:\/\/schema.org","@graph":[{"@type":"WebPage","@id":"https:\/\/noam.dk\/?product=angaaende-mig-hestehjerte-lp","url":"https:\/\/noam.dk\/?product=angaaende-mig-hestehjerte-lp","name":"Ang\u00e5ende Mig: Hestehjerte (LP) - Noam.dk","isPartOf":{"@id":"https:\/\/noam.dk\/#website"},"datePublished":"2026-04-03T20:09:29+00:00","dateModified":"2026-04-15T15:49:18+00:00","breadcrumb":{"@id":"https:\/\/noam.dk\/?product=angaaende-mig-hestehjerte-lp#breadcrumb"},"inLanguage":"da-DK","potentialAction":[{"@type":"ReadAction","target":["https:\/\/noam.dk\/?product=angaaende-mig-hestehjerte-lp"]}]},{"@type":"BreadcrumbList","@id":"https:\/\/noam.dk\/?product=angaaende-mig-hestehjerte-lp#breadcrumb","itemListElement":[{"@type":"ListItem","position":1,"name":"Hjem","item":"https:\/\/noam.dk\/"},{"@type":"ListItem","position":2,"name":"Shop","item":"https:\/\/noam.dk\/?page_id=8"},{"@type":"ListItem","position":3,"name":"Ang\u00e5ende Mig: Hestehjerte (LP)"}]},{"@type":"WebSite","@id":"https:\/\/noam.dk\/#website","url":"https:\/\/noam.dk\/","name":"Noam.dk","description":"","publisher":{"@id":"https:\/\/noam.dk\/#organization"},"potentialAction":[{"@type":"SearchAction","target":{"@type":"EntryPoint","urlTemplate":"https:\/\/noam.dk\/?s={search_term_string}"},"query-input":{"@type":"PropertyValueSpecification","valueRequired":true,"valueName":"search_term_string"}}],"inLanguage":"da-DK"},{"@type":"Organization","@id":"https:\/\/noam.dk\/#organization","name":"Noam.dk","url":"https:\/\/noam.dk\/","logo":{"@type":"ImageObject","inLanguage":"da-DK","@id":"https:\/\/noam.dk\/#\/schema\/logo\/image\/","url":"https:\/\/noam.dk\/wp-content\/uploads\/2026\/04\/noams-n-logo.jpg","contentUrl":"https:\/\/noam.dk\/wp-content\/uploads\/2026\/04\/noams-n-logo.jpg","width":119,"height":108,"caption":"Noam.dk"},"image":{"@id":"https:\/\/noam.dk\/#\/schema\/logo\/image\/"},"sameAs":["https:\/\/www.facebook.com\/noamsdk"]}]}},"jetpack_sharing_enabled":true,"_links":{"self":[{"href":"https:\/\/noam.dk\/index.php?rest_route=\/wp\/v2\/product\/4444","targetHints":{"allow":["GET"]}}],"collection":[{"href":"https:\/\/noam.dk\/index.php?rest_route=\/wp\/v2\/product"}],"about":[{"href":"https:\/\/noam.dk\/index.php?rest_route=\/wp\/v2\/types\/product"}],"replies":[{"embeddable":true,"href":"https:\/\/noam.dk\/index.php?rest_route=%2Fwp%2Fv2%2Fcomments&post=4444"}],"wp:attachment":[{"href":"https:\/\/noam.dk\/index.php?rest_route=%2Fwp%2Fv2%2Fmedia&parent=4444"}],"wp:term":[{"taxonomy":"product_brand","embeddable":true,"href":"https:\/\/noam.dk\/index.php?rest_route=%2Fwp%2Fv2%2Fproduct_brand&post=4444"},{"taxonomy":"product_cat","embeddable":true,"href":"https:\/\/noam.dk\/index.php?rest_route=%2Fwp%2Fv2%2Fproduct_cat&post=4444"},{"taxonomy":"product_tag","embeddable":true,"href":"https:\/\/noam.dk\/index.php?rest_route=%2Fwp%2Fv2%2Fproduct_tag&post=4444"}],"curies":[{"name":"wp","href":"https:\/\/api.w.org\/{rel}","templated":true}]}}