{"id":4449,"date":"2026-04-03T21:09:29","date_gmt":"2026-04-03T20:09:29","guid":{"rendered":"https:\/\/noam.dk\/?product=hyldemor-glem-det-hele-lp"},"modified":"2026-04-15T19:05:06","modified_gmt":"2026-04-15T18:05:06","slug":"hyldemor-glem-det-hele-lp","status":"publish","type":"product","link":"https:\/\/noam.dk\/?product=hyldemor-glem-det-hele-lp","title":{"rendered":"Hyldemor: Glem Det Hele (LP)"},"content":{"rendered":"<p>At Hyldemor og debutpladen \u201cGlem Det Hele\u201d er en vaske\u00e6gte dansk rockklassiker, vidner b\u00e5de begejstrede anmeldelser og p\u00e6ne salgstal om. Pladen der oprindeligt blev udsendt i 1978, blev i 2013 genudsendt med stor succes i remasteret udgave. Pladen har v\u00e6ret udsolgt i \u00e5revis, men i anledning af pladens 47 \u00e5rs jubil\u00e6um, genudsender Sony nu mesterv\u00e6rket igen igen &#8211; og denne gang p\u00e5 bl\u00e5 vinyl i begr\u00e6nset oplag. &#8220;Overset dansk rock-perle f\u00e5r endelig en fortjent hyldest&#8221; Skrev Kim Skotte og gav pladen fem hjerter i Politiken ifbm genudgivelsen i 2013. &#8220;Hans Vinding og kompagnis mesterskive til \u00e6re og v\u00e6rdighed&#8221; Skrev Espen Strunk i Gaffa og gav pladen seks stjerner &#8220;Den gennemsigtige mand Det alt for tidligt afd\u00f8de hippieikon Hans Vinding og hans gruppe Hyldemors ene album fra 1978, \u2019Glem det hele\u2019, er endelig blevet genudsendt. Vor korrespondent udi det bevidsthedsudvidende ser lidt tilbage p\u00e5 en tid, hvor alting var s\u00e5 anderledes, og hvor rigtig mange havde deres snabeltyrkersko p\u00e5&#8221; Skrev Klaus Lynggaard bl.a. i sin hyldest i Information.<\/p>\n<p><strong>Trackliste<\/strong><br \/>\nGlem Det Hele<br \/>\nDr\u00f8m Eller Virkelighed<br \/>\nAlt For Meget At G\u00f8re<br \/>\nS\u00e5 Blir Jeg S\u00e5 Glad<br \/>\nDen Gennemsigtige Mand<br \/>\nTusind \u00c5r<br \/>\n8 + 8 = 16<br \/>\n\u00c5 Va S\u00e5 Du<br \/>\nAlene Igen<br \/>\nLysene T\u00e6ndes<\/p>\n<p><strong>Format: Bl\u00e5 Vinyl <\/strong><br \/>\n<strong>Udgivelsesdato: 19-09-2025 <\/strong><br \/>\n<strong>Genre: Rock <\/strong><br \/>\n<strong>Label:\u00a0Sony Music <\/strong><br \/>\n<strong>Varenr: 887654389619<\/strong><\/p>\n","protected":false},"excerpt":{"rendered":"<p>At Hyldemor og debutpladen \u201cGlem Det Hele\u201d er en vaske\u00e6gte dansk rockklassiker, vidner b\u00e5de begejstrede anmeldelser og p\u00e6ne salgstal om. [&hellip;]<\/p>\n","protected":false},"featured_media":0,"comment_status":"open","ping_status":"closed","template":"","meta":{"site-sidebar-layout":"default","site-content-layout":"","ast-site-content-layout":"default","site-content-style":"default","site-sidebar-style":"default","ast-global-header-display":"","ast-banner-title-visibility":"","ast-main-header-display":"","ast-hfb-above-header-display":"","ast-hfb-below-header-display":"","ast-hfb-mobile-header-display":"","site-post-title":"","ast-breadcrumbs-content":"","ast-featured-img":"","footer-sml-layout":"","ast-disable-related-posts":"","theme-transparent-header-meta":"default","adv-header-id-meta":"","stick-header-meta":"","header-above-stick-meta":"","header-main-stick-meta":"","header-below-stick-meta":"","astra-migrate-meta-layouts":"set","ast-page-background-enabled":"default","ast-page-background-meta":{"desktop":{"background-color":"var(--ast-global-color-5)","background-image":"","background-repeat":"repeat","background-position":"center center","background-size":"auto","background-attachment":"scroll","background-type":"","background-media":"","overlay-type":"","overlay-color":"","overlay-opacity":"","overlay-gradient":""},"tablet":{"background-color":"","background-image":"","background-repeat":"repeat","background-position":"center center","background-size":"auto","background-attachment":"scroll","background-type":"","background-media":"","overlay-type":"","overlay-color":"","overlay-opacity":"","overlay-gradient":""},"mobile":{"background-color":"","background-image":"","background-repeat":"repeat","background-position":"center center","background-size":"auto","background-attachment":"scroll","background-type":"","background-media":"","overlay-type":"","overlay-color":"","overlay-opacity":"","overlay-gradient":""}},"ast-content-background-meta":{"desktop":{"background-color":"var(--ast-global-color-4)","background-image":"","background-repeat":"repeat","background-position":"center center","background-size":"auto","background-attachment":"scroll","background-type":"","background-media":"","overlay-type":"","overlay-color":"","overlay-opacity":"","overlay-gradient":""},"tablet":{"background-color":"var(--ast-global-color-4)","background-image":"","background-repeat":"repeat","background-position":"center center","background-size":"auto","background-attachment":"scroll","background-type":"","background-media":"","overlay-type":"","overlay-color":"","overlay-opacity":"","overlay-gradient":""},"mobile":{"background-color":"var(--ast-global-color-4)","background-image":"","background-repeat":"repeat","background-position":"center center","background-size":"auto","background-attachment":"scroll","background-type":"","background-media":"","overlay-type":"","overlay-color":"","overlay-opacity":"","overlay-gradient":""}}},"product_brand":[],"product_cat":[195,33],"product_tag":[],"class_list":{"0":"post-4449","1":"product","2":"type-product","3":"status-publish","5":"product_cat-vinyl-dansk","6":"product_cat-vinyl","7":"desktop-align-left","8":"tablet-align-left","9":"mobile-align-left","11":"first","12":"instock","13":"sold-individually","14":"taxable","15":"shipping-taxable","16":"purchasable","17":"product-type-simple"},"supplier_id":null,"supplier_sku":"","barcode":null,"atum_controlled":true,"out_stock_date":null,"out_stock_threshold":null,"inheritable":false,"inbound_stock":null,"stock_on_hold":null,"sold_today":null,"sales_last_days":null,"reserved_stock":null,"customer_returns":null,"warehouse_damage":null,"lost_in_post":null,"other_logs":null,"out_stock_days":null,"lost_sales":null,"has_location":false,"update_date":"2026-04-15T18:05:08","atum_locations":[],"atum_stock_status":"instock","restock_status":false,"low_stock_amount":"","sales_update_date":null,"calc_backorders":null,"yoast_head":"<!-- This site is optimized with the Yoast SEO plugin v27.3 - https:\/\/yoast.com\/product\/yoast-seo-wordpress\/ -->\n<title>Hyldemor: Glem Det Hele (LP) - Noam.dk<\/title>\n<meta name=\"robots\" content=\"index, follow, max-snippet:-1, max-image-preview:large, max-video-preview:-1\" \/>\n<link rel=\"canonical\" href=\"https:\/\/noam.dk\/?product=hyldemor-glem-det-hele-lp\" \/>\n<meta property=\"og:locale\" content=\"da_DK\" \/>\n<meta property=\"og:type\" content=\"article\" \/>\n<meta property=\"og:title\" content=\"Hyldemor: Glem Det Hele (LP) - Noam.dk\" \/>\n<meta property=\"og:description\" content=\"At Hyldemor og debutpladen \u201cGlem Det Hele\u201d er en vaske\u00e6gte dansk rockklassiker, vidner b\u00e5de begejstrede anmeldelser og p\u00e6ne salgstal om. [&hellip;]\" \/>\n<meta property=\"og:url\" content=\"https:\/\/noam.dk\/?product=hyldemor-glem-det-hele-lp\" \/>\n<meta property=\"og:site_name\" content=\"Noam.dk\" \/>\n<meta property=\"article:publisher\" content=\"https:\/\/www.facebook.com\/noamsdk\" \/>\n<meta property=\"article:modified_time\" content=\"2026-04-15T18:05:06+00:00\" \/>\n<meta name=\"twitter:card\" content=\"summary_large_image\" \/>\n<meta name=\"twitter:label1\" content=\"Estimeret l\u00e6setid\" \/>\n\t<meta name=\"twitter:data1\" content=\"2 minutter\" \/>\n<script type=\"application\/ld+json\" class=\"yoast-schema-graph\">{\"@context\":\"https:\\\/\\\/schema.org\",\"@graph\":[{\"@type\":\"WebPage\",\"@id\":\"https:\\\/\\\/noam.dk\\\/?product=hyldemor-glem-det-hele-lp\",\"url\":\"https:\\\/\\\/noam.dk\\\/?product=hyldemor-glem-det-hele-lp\",\"name\":\"Hyldemor: Glem Det Hele (LP) - Noam.dk\",\"isPartOf\":{\"@id\":\"https:\\\/\\\/noam.dk\\\/#website\"},\"datePublished\":\"2026-04-03T20:09:29+00:00\",\"dateModified\":\"2026-04-15T18:05:06+00:00\",\"breadcrumb\":{\"@id\":\"https:\\\/\\\/noam.dk\\\/?product=hyldemor-glem-det-hele-lp#breadcrumb\"},\"inLanguage\":\"da-DK\",\"potentialAction\":[{\"@type\":\"ReadAction\",\"target\":[\"https:\\\/\\\/noam.dk\\\/?product=hyldemor-glem-det-hele-lp\"]}]},{\"@type\":\"BreadcrumbList\",\"@id\":\"https:\\\/\\\/noam.dk\\\/?product=hyldemor-glem-det-hele-lp#breadcrumb\",\"itemListElement\":[{\"@type\":\"ListItem\",\"position\":1,\"name\":\"Hjem\",\"item\":\"https:\\\/\\\/noam.dk\\\/\"},{\"@type\":\"ListItem\",\"position\":2,\"name\":\"Shop\",\"item\":\"https:\\\/\\\/noam.dk\\\/?page_id=8\"},{\"@type\":\"ListItem\",\"position\":3,\"name\":\"Hyldemor: Glem Det Hele (LP)\"}]},{\"@type\":\"WebSite\",\"@id\":\"https:\\\/\\\/noam.dk\\\/#website\",\"url\":\"https:\\\/\\\/noam.dk\\\/\",\"name\":\"Noam.dk\",\"description\":\"\",\"publisher\":{\"@id\":\"https:\\\/\\\/noam.dk\\\/#organization\"},\"potentialAction\":[{\"@type\":\"SearchAction\",\"target\":{\"@type\":\"EntryPoint\",\"urlTemplate\":\"https:\\\/\\\/noam.dk\\\/?s={search_term_string}\"},\"query-input\":{\"@type\":\"PropertyValueSpecification\",\"valueRequired\":true,\"valueName\":\"search_term_string\"}}],\"inLanguage\":\"da-DK\"},{\"@type\":\"Organization\",\"@id\":\"https:\\\/\\\/noam.dk\\\/#organization\",\"name\":\"Noam.dk\",\"url\":\"https:\\\/\\\/noam.dk\\\/\",\"logo\":{\"@type\":\"ImageObject\",\"inLanguage\":\"da-DK\",\"@id\":\"https:\\\/\\\/noam.dk\\\/#\\\/schema\\\/logo\\\/image\\\/\",\"url\":\"https:\\\/\\\/noam.dk\\\/wp-content\\\/uploads\\\/2026\\\/04\\\/noams-n-logo.jpg\",\"contentUrl\":\"https:\\\/\\\/noam.dk\\\/wp-content\\\/uploads\\\/2026\\\/04\\\/noams-n-logo.jpg\",\"width\":119,\"height\":108,\"caption\":\"Noam.dk\"},\"image\":{\"@id\":\"https:\\\/\\\/noam.dk\\\/#\\\/schema\\\/logo\\\/image\\\/\"},\"sameAs\":[\"https:\\\/\\\/www.facebook.com\\\/noamsdk\"]}]}<\/script>\n<!-- \/ Yoast SEO plugin. -->","yoast_head_json":{"title":"Hyldemor: Glem Det Hele (LP) - Noam.dk","robots":{"index":"index","follow":"follow","max-snippet":"max-snippet:-1","max-image-preview":"max-image-preview:large","max-video-preview":"max-video-preview:-1"},"canonical":"https:\/\/noam.dk\/?product=hyldemor-glem-det-hele-lp","og_locale":"da_DK","og_type":"article","og_title":"Hyldemor: Glem Det Hele (LP) - Noam.dk","og_description":"At Hyldemor og debutpladen \u201cGlem Det Hele\u201d er en vaske\u00e6gte dansk rockklassiker, vidner b\u00e5de begejstrede anmeldelser og p\u00e6ne salgstal om. [&hellip;]","og_url":"https:\/\/noam.dk\/?product=hyldemor-glem-det-hele-lp","og_site_name":"Noam.dk","article_publisher":"https:\/\/www.facebook.com\/noamsdk","article_modified_time":"2026-04-15T18:05:06+00:00","twitter_card":"summary_large_image","twitter_misc":{"Estimeret l\u00e6setid":"2 minutter"},"schema":{"@context":"https:\/\/schema.org","@graph":[{"@type":"WebPage","@id":"https:\/\/noam.dk\/?product=hyldemor-glem-det-hele-lp","url":"https:\/\/noam.dk\/?product=hyldemor-glem-det-hele-lp","name":"Hyldemor: Glem Det Hele (LP) - Noam.dk","isPartOf":{"@id":"https:\/\/noam.dk\/#website"},"datePublished":"2026-04-03T20:09:29+00:00","dateModified":"2026-04-15T18:05:06+00:00","breadcrumb":{"@id":"https:\/\/noam.dk\/?product=hyldemor-glem-det-hele-lp#breadcrumb"},"inLanguage":"da-DK","potentialAction":[{"@type":"ReadAction","target":["https:\/\/noam.dk\/?product=hyldemor-glem-det-hele-lp"]}]},{"@type":"BreadcrumbList","@id":"https:\/\/noam.dk\/?product=hyldemor-glem-det-hele-lp#breadcrumb","itemListElement":[{"@type":"ListItem","position":1,"name":"Hjem","item":"https:\/\/noam.dk\/"},{"@type":"ListItem","position":2,"name":"Shop","item":"https:\/\/noam.dk\/?page_id=8"},{"@type":"ListItem","position":3,"name":"Hyldemor: Glem Det Hele (LP)"}]},{"@type":"WebSite","@id":"https:\/\/noam.dk\/#website","url":"https:\/\/noam.dk\/","name":"Noam.dk","description":"","publisher":{"@id":"https:\/\/noam.dk\/#organization"},"potentialAction":[{"@type":"SearchAction","target":{"@type":"EntryPoint","urlTemplate":"https:\/\/noam.dk\/?s={search_term_string}"},"query-input":{"@type":"PropertyValueSpecification","valueRequired":true,"valueName":"search_term_string"}}],"inLanguage":"da-DK"},{"@type":"Organization","@id":"https:\/\/noam.dk\/#organization","name":"Noam.dk","url":"https:\/\/noam.dk\/","logo":{"@type":"ImageObject","inLanguage":"da-DK","@id":"https:\/\/noam.dk\/#\/schema\/logo\/image\/","url":"https:\/\/noam.dk\/wp-content\/uploads\/2026\/04\/noams-n-logo.jpg","contentUrl":"https:\/\/noam.dk\/wp-content\/uploads\/2026\/04\/noams-n-logo.jpg","width":119,"height":108,"caption":"Noam.dk"},"image":{"@id":"https:\/\/noam.dk\/#\/schema\/logo\/image\/"},"sameAs":["https:\/\/www.facebook.com\/noamsdk"]}]}},"jetpack_sharing_enabled":true,"_links":{"self":[{"href":"https:\/\/noam.dk\/index.php?rest_route=\/wp\/v2\/product\/4449","targetHints":{"allow":["GET"]}}],"collection":[{"href":"https:\/\/noam.dk\/index.php?rest_route=\/wp\/v2\/product"}],"about":[{"href":"https:\/\/noam.dk\/index.php?rest_route=\/wp\/v2\/types\/product"}],"replies":[{"embeddable":true,"href":"https:\/\/noam.dk\/index.php?rest_route=%2Fwp%2Fv2%2Fcomments&post=4449"}],"wp:attachment":[{"href":"https:\/\/noam.dk\/index.php?rest_route=%2Fwp%2Fv2%2Fmedia&parent=4449"}],"wp:term":[{"taxonomy":"product_brand","embeddable":true,"href":"https:\/\/noam.dk\/index.php?rest_route=%2Fwp%2Fv2%2Fproduct_brand&post=4449"},{"taxonomy":"product_cat","embeddable":true,"href":"https:\/\/noam.dk\/index.php?rest_route=%2Fwp%2Fv2%2Fproduct_cat&post=4449"},{"taxonomy":"product_tag","embeddable":true,"href":"https:\/\/noam.dk\/index.php?rest_route=%2Fwp%2Fv2%2Fproduct_tag&post=4449"}],"curies":[{"name":"wp","href":"https:\/\/api.w.org\/{rel}","templated":true}]}}