{"id":6178,"date":"2026-04-04T21:42:38","date_gmt":"2026-04-04T20:42:38","guid":{"rendered":"https:\/\/noam.dk\/?product=dobbeltspil-backstabbing-for-beginners-blu-ray"},"modified":"2026-04-11T12:02:54","modified_gmt":"2026-04-11T11:02:54","slug":"dobbeltspil-backstabbing-for-beginners-blu-ray","status":"publish","type":"product","link":"https:\/\/noam.dk\/?product=dobbeltspil-backstabbing-for-beginners-blu-ray","title":{"rendered":"Dobbeltspil \/ Backstabbing For Beginners (Blu-Ray)"},"content":{"rendered":"<p><strong>Beskrivelse:<\/strong><br \/>\nPer Flys \u201dDobbeltspil\u201d er en politisk thriller baseret p\u00e5 den sande historie om 24 \u00e5rige danske Michael, der f\u00e5r sit \u00f8nskejob i FNs Humanit\u00e6re hj\u00e6lpeprogram Oil for Food. Michael har taget jobbet i FN for at k\u00e6mpe for en bedre verden, men det bliver et chok for ham, da hans karismatiske chef, Pasha, flytter ham fra de trygge kontorer p\u00e5 First Avenue i New York til de kaotiske tilstande i Bagdad. Her g\u00e5r det op for ham, at der svindles med milliarder, og at korruptionen r\u00e6kker helt ind i de inderste cirkler. Han kastes ud i en magtkamp mellem kyniske diplomater og gr\u00e5dige lobbyisters \u00f8nsker om at tjene penge p\u00e5 Iraks olie. Michael tvinges til at v\u00e6lge, om han vil lukke \u00f8jnene for l\u00f8gnen eller om han vil afsl\u00f8re alt. Velvidende at hvis han whistleblower, risikerer han ikke kun sit livs karriere, men ogs\u00e5 at miste den kvinde, han har forelsket sig i, og m\u00e5ske endda sit eget liv.<br \/>\n<strong>Format: Blu-Ray <\/strong><br \/>\n<strong>Audio: Engelsk &#8211; DTS-HD Master Audio 5.1 <\/strong><br \/>\n<strong>Undertekster: Dansk, svensk, norsk, finsk <\/strong><br \/>\n<strong>Spilletid: 1 t 47 min <\/strong><br \/>\n<strong>Genre: Thriller <\/strong><br \/>\n<strong>Produktions\u00e5r: 2018 <\/strong><br \/>\n<strong>Varenr: IM77333018011519<\/strong><\/p>\n","protected":false},"excerpt":{"rendered":"<p>Beskrivelse: Per Flys \u201dDobbeltspil\u201d er en politisk thriller baseret p\u00e5 den sande historie om 24 \u00e5rige danske Michael, der f\u00e5r [&hellip;]<\/p>\n","protected":false},"featured_media":0,"comment_status":"open","ping_status":"closed","template":"","meta":{"site-sidebar-layout":"default","site-content-layout":"","ast-site-content-layout":"default","site-content-style":"default","site-sidebar-style":"default","ast-global-header-display":"","ast-banner-title-visibility":"","ast-main-header-display":"","ast-hfb-above-header-display":"","ast-hfb-below-header-display":"","ast-hfb-mobile-header-display":"","site-post-title":"","ast-breadcrumbs-content":"","ast-featured-img":"","footer-sml-layout":"","ast-disable-related-posts":"","theme-transparent-header-meta":"default","adv-header-id-meta":"","stick-header-meta":"","header-above-stick-meta":"","header-main-stick-meta":"","header-below-stick-meta":"","astra-migrate-meta-layouts":"set","ast-page-background-enabled":"default","ast-page-background-meta":{"desktop":{"background-color":"var(--ast-global-color-5)","background-image":"","background-repeat":"repeat","background-position":"center center","background-size":"auto","background-attachment":"scroll","background-type":"","background-media":"","overlay-type":"","overlay-color":"","overlay-opacity":"","overlay-gradient":""},"tablet":{"background-color":"","background-image":"","background-repeat":"repeat","background-position":"center center","background-size":"auto","background-attachment":"scroll","background-type":"","background-media":"","overlay-type":"","overlay-color":"","overlay-opacity":"","overlay-gradient":""},"mobile":{"background-color":"","background-image":"","background-repeat":"repeat","background-position":"center center","background-size":"auto","background-attachment":"scroll","background-type":"","background-media":"","overlay-type":"","overlay-color":"","overlay-opacity":"","overlay-gradient":""}},"ast-content-background-meta":{"desktop":{"background-color":"var(--ast-global-color-4)","background-image":"","background-repeat":"repeat","background-position":"center center","background-size":"auto","background-attachment":"scroll","background-type":"","background-media":"","overlay-type":"","overlay-color":"","overlay-opacity":"","overlay-gradient":""},"tablet":{"background-color":"var(--ast-global-color-4)","background-image":"","background-repeat":"repeat","background-position":"center center","background-size":"auto","background-attachment":"scroll","background-type":"","background-media":"","overlay-type":"","overlay-color":"","overlay-opacity":"","overlay-gradient":""},"mobile":{"background-color":"var(--ast-global-color-4)","background-image":"","background-repeat":"repeat","background-position":"center center","background-size":"auto","background-attachment":"scroll","background-type":"","background-media":"","overlay-type":"","overlay-color":"","overlay-opacity":"","overlay-gradient":""}}},"product_brand":[],"product_cat":[55,47,60],"product_tag":[],"class_list":{"0":"post-6178","1":"product","2":"type-product","3":"status-publish","5":"product_cat-blu-ray","6":"product_cat-film","7":"product_cat-thriller","8":"desktop-align-left","9":"tablet-align-left","10":"mobile-align-left","12":"first","13":"instock","14":"sold-individually","15":"taxable","16":"shipping-taxable","17":"purchasable","18":"product-type-simple"},"supplier_id":null,"supplier_sku":"","barcode":null,"atum_controlled":true,"out_stock_date":null,"out_stock_threshold":null,"inheritable":false,"inbound_stock":null,"stock_on_hold":null,"sold_today":null,"sales_last_days":null,"reserved_stock":null,"customer_returns":null,"warehouse_damage":null,"lost_in_post":null,"other_logs":null,"out_stock_days":null,"lost_sales":null,"has_location":false,"update_date":"2026-04-11T11:03:20","atum_locations":[],"atum_stock_status":"instock","restock_status":false,"low_stock_amount":"","sales_update_date":null,"calc_backorders":null,"yoast_head":"<!-- This site is optimized with the Yoast SEO plugin v27.3 - https:\/\/yoast.com\/product\/yoast-seo-wordpress\/ -->\n<title>Dobbeltspil \/ Backstabbing For Beginners (Blu-Ray) - Noam.dk<\/title>\n<meta name=\"robots\" content=\"index, follow, max-snippet:-1, max-image-preview:large, max-video-preview:-1\" \/>\n<link rel=\"canonical\" href=\"https:\/\/noam.dk\/?product=dobbeltspil-backstabbing-for-beginners-blu-ray\" \/>\n<meta property=\"og:locale\" content=\"da_DK\" \/>\n<meta property=\"og:type\" content=\"article\" \/>\n<meta property=\"og:title\" content=\"Dobbeltspil \/ Backstabbing For Beginners (Blu-Ray) - Noam.dk\" \/>\n<meta property=\"og:description\" content=\"Beskrivelse: Per Flys \u201dDobbeltspil\u201d er en politisk thriller baseret p\u00e5 den sande historie om 24 \u00e5rige danske Michael, der f\u00e5r [&hellip;]\" \/>\n<meta property=\"og:url\" content=\"https:\/\/noam.dk\/?product=dobbeltspil-backstabbing-for-beginners-blu-ray\" \/>\n<meta property=\"og:site_name\" content=\"Noam.dk\" \/>\n<meta property=\"article:publisher\" content=\"https:\/\/www.facebook.com\/noamsdk\" \/>\n<meta property=\"article:modified_time\" content=\"2026-04-11T11:02:54+00:00\" \/>\n<meta name=\"twitter:card\" content=\"summary_large_image\" \/>\n<meta name=\"twitter:label1\" content=\"Estimeret l\u00e6setid\" \/>\n\t<meta name=\"twitter:data1\" content=\"2 minutter\" \/>\n<script type=\"application\/ld+json\" class=\"yoast-schema-graph\">{\"@context\":\"https:\\\/\\\/schema.org\",\"@graph\":[{\"@type\":\"WebPage\",\"@id\":\"https:\\\/\\\/noam.dk\\\/?product=dobbeltspil-backstabbing-for-beginners-blu-ray\",\"url\":\"https:\\\/\\\/noam.dk\\\/?product=dobbeltspil-backstabbing-for-beginners-blu-ray\",\"name\":\"Dobbeltspil \\\/ Backstabbing For Beginners (Blu-Ray) - Noam.dk\",\"isPartOf\":{\"@id\":\"https:\\\/\\\/noam.dk\\\/#website\"},\"datePublished\":\"2026-04-04T20:42:38+00:00\",\"dateModified\":\"2026-04-11T11:02:54+00:00\",\"breadcrumb\":{\"@id\":\"https:\\\/\\\/noam.dk\\\/?product=dobbeltspil-backstabbing-for-beginners-blu-ray#breadcrumb\"},\"inLanguage\":\"da-DK\",\"potentialAction\":[{\"@type\":\"ReadAction\",\"target\":[\"https:\\\/\\\/noam.dk\\\/?product=dobbeltspil-backstabbing-for-beginners-blu-ray\"]}]},{\"@type\":\"BreadcrumbList\",\"@id\":\"https:\\\/\\\/noam.dk\\\/?product=dobbeltspil-backstabbing-for-beginners-blu-ray#breadcrumb\",\"itemListElement\":[{\"@type\":\"ListItem\",\"position\":1,\"name\":\"Hjem\",\"item\":\"https:\\\/\\\/noam.dk\\\/\"},{\"@type\":\"ListItem\",\"position\":2,\"name\":\"Shop\",\"item\":\"https:\\\/\\\/noam.dk\\\/?page_id=8\"},{\"@type\":\"ListItem\",\"position\":3,\"name\":\"Dobbeltspil \\\/ Backstabbing For Beginners (Blu-Ray)\"}]},{\"@type\":\"WebSite\",\"@id\":\"https:\\\/\\\/noam.dk\\\/#website\",\"url\":\"https:\\\/\\\/noam.dk\\\/\",\"name\":\"Noam.dk\",\"description\":\"\",\"publisher\":{\"@id\":\"https:\\\/\\\/noam.dk\\\/#organization\"},\"potentialAction\":[{\"@type\":\"SearchAction\",\"target\":{\"@type\":\"EntryPoint\",\"urlTemplate\":\"https:\\\/\\\/noam.dk\\\/?s={search_term_string}\"},\"query-input\":{\"@type\":\"PropertyValueSpecification\",\"valueRequired\":true,\"valueName\":\"search_term_string\"}}],\"inLanguage\":\"da-DK\"},{\"@type\":\"Organization\",\"@id\":\"https:\\\/\\\/noam.dk\\\/#organization\",\"name\":\"Noam.dk\",\"url\":\"https:\\\/\\\/noam.dk\\\/\",\"logo\":{\"@type\":\"ImageObject\",\"inLanguage\":\"da-DK\",\"@id\":\"https:\\\/\\\/noam.dk\\\/#\\\/schema\\\/logo\\\/image\\\/\",\"url\":\"https:\\\/\\\/noam.dk\\\/wp-content\\\/uploads\\\/2026\\\/04\\\/noams-n-logo.jpg\",\"contentUrl\":\"https:\\\/\\\/noam.dk\\\/wp-content\\\/uploads\\\/2026\\\/04\\\/noams-n-logo.jpg\",\"width\":119,\"height\":108,\"caption\":\"Noam.dk\"},\"image\":{\"@id\":\"https:\\\/\\\/noam.dk\\\/#\\\/schema\\\/logo\\\/image\\\/\"},\"sameAs\":[\"https:\\\/\\\/www.facebook.com\\\/noamsdk\"]}]}<\/script>\n<!-- \/ Yoast SEO plugin. -->","yoast_head_json":{"title":"Dobbeltspil \/ Backstabbing For Beginners (Blu-Ray) - Noam.dk","robots":{"index":"index","follow":"follow","max-snippet":"max-snippet:-1","max-image-preview":"max-image-preview:large","max-video-preview":"max-video-preview:-1"},"canonical":"https:\/\/noam.dk\/?product=dobbeltspil-backstabbing-for-beginners-blu-ray","og_locale":"da_DK","og_type":"article","og_title":"Dobbeltspil \/ Backstabbing For Beginners (Blu-Ray) - Noam.dk","og_description":"Beskrivelse: Per Flys \u201dDobbeltspil\u201d er en politisk thriller baseret p\u00e5 den sande historie om 24 \u00e5rige danske Michael, der f\u00e5r [&hellip;]","og_url":"https:\/\/noam.dk\/?product=dobbeltspil-backstabbing-for-beginners-blu-ray","og_site_name":"Noam.dk","article_publisher":"https:\/\/www.facebook.com\/noamsdk","article_modified_time":"2026-04-11T11:02:54+00:00","twitter_card":"summary_large_image","twitter_misc":{"Estimeret l\u00e6setid":"2 minutter"},"schema":{"@context":"https:\/\/schema.org","@graph":[{"@type":"WebPage","@id":"https:\/\/noam.dk\/?product=dobbeltspil-backstabbing-for-beginners-blu-ray","url":"https:\/\/noam.dk\/?product=dobbeltspil-backstabbing-for-beginners-blu-ray","name":"Dobbeltspil \/ Backstabbing For Beginners (Blu-Ray) - Noam.dk","isPartOf":{"@id":"https:\/\/noam.dk\/#website"},"datePublished":"2026-04-04T20:42:38+00:00","dateModified":"2026-04-11T11:02:54+00:00","breadcrumb":{"@id":"https:\/\/noam.dk\/?product=dobbeltspil-backstabbing-for-beginners-blu-ray#breadcrumb"},"inLanguage":"da-DK","potentialAction":[{"@type":"ReadAction","target":["https:\/\/noam.dk\/?product=dobbeltspil-backstabbing-for-beginners-blu-ray"]}]},{"@type":"BreadcrumbList","@id":"https:\/\/noam.dk\/?product=dobbeltspil-backstabbing-for-beginners-blu-ray#breadcrumb","itemListElement":[{"@type":"ListItem","position":1,"name":"Hjem","item":"https:\/\/noam.dk\/"},{"@type":"ListItem","position":2,"name":"Shop","item":"https:\/\/noam.dk\/?page_id=8"},{"@type":"ListItem","position":3,"name":"Dobbeltspil \/ Backstabbing For Beginners (Blu-Ray)"}]},{"@type":"WebSite","@id":"https:\/\/noam.dk\/#website","url":"https:\/\/noam.dk\/","name":"Noam.dk","description":"","publisher":{"@id":"https:\/\/noam.dk\/#organization"},"potentialAction":[{"@type":"SearchAction","target":{"@type":"EntryPoint","urlTemplate":"https:\/\/noam.dk\/?s={search_term_string}"},"query-input":{"@type":"PropertyValueSpecification","valueRequired":true,"valueName":"search_term_string"}}],"inLanguage":"da-DK"},{"@type":"Organization","@id":"https:\/\/noam.dk\/#organization","name":"Noam.dk","url":"https:\/\/noam.dk\/","logo":{"@type":"ImageObject","inLanguage":"da-DK","@id":"https:\/\/noam.dk\/#\/schema\/logo\/image\/","url":"https:\/\/noam.dk\/wp-content\/uploads\/2026\/04\/noams-n-logo.jpg","contentUrl":"https:\/\/noam.dk\/wp-content\/uploads\/2026\/04\/noams-n-logo.jpg","width":119,"height":108,"caption":"Noam.dk"},"image":{"@id":"https:\/\/noam.dk\/#\/schema\/logo\/image\/"},"sameAs":["https:\/\/www.facebook.com\/noamsdk"]}]}},"jetpack_sharing_enabled":true,"_links":{"self":[{"href":"https:\/\/noam.dk\/index.php?rest_route=\/wp\/v2\/product\/6178","targetHints":{"allow":["GET"]}}],"collection":[{"href":"https:\/\/noam.dk\/index.php?rest_route=\/wp\/v2\/product"}],"about":[{"href":"https:\/\/noam.dk\/index.php?rest_route=\/wp\/v2\/types\/product"}],"replies":[{"embeddable":true,"href":"https:\/\/noam.dk\/index.php?rest_route=%2Fwp%2Fv2%2Fcomments&post=6178"}],"wp:attachment":[{"href":"https:\/\/noam.dk\/index.php?rest_route=%2Fwp%2Fv2%2Fmedia&parent=6178"}],"wp:term":[{"taxonomy":"product_brand","embeddable":true,"href":"https:\/\/noam.dk\/index.php?rest_route=%2Fwp%2Fv2%2Fproduct_brand&post=6178"},{"taxonomy":"product_cat","embeddable":true,"href":"https:\/\/noam.dk\/index.php?rest_route=%2Fwp%2Fv2%2Fproduct_cat&post=6178"},{"taxonomy":"product_tag","embeddable":true,"href":"https:\/\/noam.dk\/index.php?rest_route=%2Fwp%2Fv2%2Fproduct_tag&post=6178"}],"curies":[{"name":"wp","href":"https:\/\/api.w.org\/{rel}","templated":true}]}}