{"id":6274,"date":"2026-04-04T21:47:12","date_gmt":"2026-04-04T20:47:12","guid":{"rendered":"https:\/\/noam.dk\/?product=solitary-man-blu-ray"},"modified":"2026-04-11T12:02:53","modified_gmt":"2026-04-11T11:02:53","slug":"solitary-man-blu-ray","status":"publish","type":"product","link":"https:\/\/noam.dk\/?product=solitary-man-blu-ray","title":{"rendered":"Solitary Man (Blu-Ray)"},"content":{"rendered":"<p>Den engang succesfulde bilforhandler og kvindebed\u00e5rer Ben har med pyntede regnskaber og utroskab sat b\u00e5de forretningsimperium og \u00e6gteskab over styr. P\u00e5 randen af fallit, men med smagen for unge kvinder i behold, f\u00e5r han imidlertid en chance for at rette op p\u00e5 sine fejl. Tilf\u00e6ldigheder f\u00f8rer ham sammen med den ene pige, som han absolut ikke b\u00f8r r\u00f8re, men som en sand verdensmand har Ben sv\u00e6rt ved at sig nej til det, som hans \u00f8jne beg\u00e6rer. Den Oscar\u00aebel\u00f8nnede Steven Soderbergh &#8211; skaberen af Traffic og Oceans Eleven har med Solitary Man beg\u00e5et en st\u00e6rk og \u00e6rlig film, der levende beskriver de udfordringer, der f\u00f8lger, n\u00e5r \u00e5benhed s\u00e6ttes f\u00f8r anst\u00e6ndighed. Oscar\u00aevinderen Michael Douglas leverer i Solitary Man en fantastisk pr\u00e6station som den up\u00e5lidelige, men dog charmerende Ben &#8211; en mand, der elsker sin familie liges\u00e5 h\u00f8jt som sig selv&#8230; n\u00e6sten.<br \/>\n<strong>Format: Blu-Ray<\/strong><br \/>\n<strong>Sprog: Engelsk<\/strong><br \/>\n<strong>Undertekster: Dansk<\/strong><br \/>\n<strong>Spilletid: 90 min<\/strong><br \/>\n<strong>Genre: Komedie \/ Drama<\/strong><br \/>\n<strong>Produktions\u00e5r: 2009<\/strong><br \/>\n<strong>Varenr: 5705535040822<\/strong><\/p>\n","protected":false},"excerpt":{"rendered":"<p>Den engang succesfulde bilforhandler og kvindebed\u00e5rer Ben har med pyntede regnskaber og utroskab sat b\u00e5de forretningsimperium og \u00e6gteskab over styr. [&hellip;]<\/p>\n","protected":false},"featured_media":0,"comment_status":"open","ping_status":"closed","template":"","meta":{"site-sidebar-layout":"default","site-content-layout":"","ast-site-content-layout":"default","site-content-style":"default","site-sidebar-style":"default","ast-global-header-display":"","ast-banner-title-visibility":"","ast-main-header-display":"","ast-hfb-above-header-display":"","ast-hfb-below-header-display":"","ast-hfb-mobile-header-display":"","site-post-title":"","ast-breadcrumbs-content":"","ast-featured-img":"","footer-sml-layout":"","ast-disable-related-posts":"","theme-transparent-header-meta":"default","adv-header-id-meta":"","stick-header-meta":"","header-above-stick-meta":"","header-main-stick-meta":"","header-below-stick-meta":"","astra-migrate-meta-layouts":"set","ast-page-background-enabled":"default","ast-page-background-meta":{"desktop":{"background-color":"var(--ast-global-color-5)","background-image":"","background-repeat":"repeat","background-position":"center center","background-size":"auto","background-attachment":"scroll","background-type":"","background-media":"","overlay-type":"","overlay-color":"","overlay-opacity":"","overlay-gradient":""},"tablet":{"background-color":"","background-image":"","background-repeat":"repeat","background-position":"center center","background-size":"auto","background-attachment":"scroll","background-type":"","background-media":"","overlay-type":"","overlay-color":"","overlay-opacity":"","overlay-gradient":""},"mobile":{"background-color":"","background-image":"","background-repeat":"repeat","background-position":"center center","background-size":"auto","background-attachment":"scroll","background-type":"","background-media":"","overlay-type":"","overlay-color":"","overlay-opacity":"","overlay-gradient":""}},"ast-content-background-meta":{"desktop":{"background-color":"var(--ast-global-color-4)","background-image":"","background-repeat":"repeat","background-position":"center center","background-size":"auto","background-attachment":"scroll","background-type":"","background-media":"","overlay-type":"","overlay-color":"","overlay-opacity":"","overlay-gradient":""},"tablet":{"background-color":"var(--ast-global-color-4)","background-image":"","background-repeat":"repeat","background-position":"center center","background-size":"auto","background-attachment":"scroll","background-type":"","background-media":"","overlay-type":"","overlay-color":"","overlay-opacity":"","overlay-gradient":""},"mobile":{"background-color":"var(--ast-global-color-4)","background-image":"","background-repeat":"repeat","background-position":"center center","background-size":"auto","background-attachment":"scroll","background-type":"","background-media":"","overlay-type":"","overlay-color":"","overlay-opacity":"","overlay-gradient":""}}},"product_brand":[],"product_cat":[55,57,47,61],"product_tag":[],"class_list":{"0":"post-6274","1":"product","2":"type-product","3":"status-publish","5":"product_cat-blu-ray","6":"product_cat-drama","7":"product_cat-film","8":"product_cat-komedie","9":"desktop-align-left","10":"tablet-align-left","11":"mobile-align-left","13":"first","14":"instock","15":"sold-individually","16":"taxable","17":"shipping-taxable","18":"purchasable","19":"product-type-simple"},"supplier_id":null,"supplier_sku":"","barcode":null,"atum_controlled":true,"out_stock_date":null,"out_stock_threshold":null,"inheritable":false,"inbound_stock":null,"stock_on_hold":null,"sold_today":null,"sales_last_days":null,"reserved_stock":null,"customer_returns":null,"warehouse_damage":null,"lost_in_post":null,"other_logs":null,"out_stock_days":null,"lost_sales":null,"has_location":false,"update_date":"2026-04-11T11:03:20","atum_locations":[],"atum_stock_status":"instock","restock_status":false,"low_stock_amount":"","sales_update_date":null,"calc_backorders":null,"yoast_head":"<!-- This site is optimized with the Yoast SEO plugin v27.3 - https:\/\/yoast.com\/product\/yoast-seo-wordpress\/ -->\n<title>Solitary Man (Blu-Ray) - Noam.dk<\/title>\n<meta name=\"robots\" content=\"index, follow, max-snippet:-1, max-image-preview:large, max-video-preview:-1\" \/>\n<link rel=\"canonical\" href=\"https:\/\/noam.dk\/?product=solitary-man-blu-ray\" \/>\n<meta property=\"og:locale\" content=\"da_DK\" \/>\n<meta property=\"og:type\" content=\"article\" \/>\n<meta property=\"og:title\" content=\"Solitary Man (Blu-Ray) - Noam.dk\" \/>\n<meta property=\"og:description\" content=\"Den engang succesfulde bilforhandler og kvindebed\u00e5rer Ben har med pyntede regnskaber og utroskab sat b\u00e5de forretningsimperium og \u00e6gteskab over styr. [&hellip;]\" \/>\n<meta property=\"og:url\" content=\"https:\/\/noam.dk\/?product=solitary-man-blu-ray\" \/>\n<meta property=\"og:site_name\" content=\"Noam.dk\" \/>\n<meta property=\"article:publisher\" content=\"https:\/\/www.facebook.com\/noamsdk\" \/>\n<meta property=\"article:modified_time\" content=\"2026-04-11T11:02:53+00:00\" \/>\n<meta name=\"twitter:card\" content=\"summary_large_image\" \/>\n<meta name=\"twitter:label1\" content=\"Estimeret l\u00e6setid\" \/>\n\t<meta name=\"twitter:data1\" content=\"1 minut\" \/>\n<script type=\"application\/ld+json\" class=\"yoast-schema-graph\">{\"@context\":\"https:\\\/\\\/schema.org\",\"@graph\":[{\"@type\":\"WebPage\",\"@id\":\"https:\\\/\\\/noam.dk\\\/?product=solitary-man-blu-ray\",\"url\":\"https:\\\/\\\/noam.dk\\\/?product=solitary-man-blu-ray\",\"name\":\"Solitary Man (Blu-Ray) - Noam.dk\",\"isPartOf\":{\"@id\":\"https:\\\/\\\/noam.dk\\\/#website\"},\"datePublished\":\"2026-04-04T20:47:12+00:00\",\"dateModified\":\"2026-04-11T11:02:53+00:00\",\"breadcrumb\":{\"@id\":\"https:\\\/\\\/noam.dk\\\/?product=solitary-man-blu-ray#breadcrumb\"},\"inLanguage\":\"da-DK\",\"potentialAction\":[{\"@type\":\"ReadAction\",\"target\":[\"https:\\\/\\\/noam.dk\\\/?product=solitary-man-blu-ray\"]}]},{\"@type\":\"BreadcrumbList\",\"@id\":\"https:\\\/\\\/noam.dk\\\/?product=solitary-man-blu-ray#breadcrumb\",\"itemListElement\":[{\"@type\":\"ListItem\",\"position\":1,\"name\":\"Hjem\",\"item\":\"https:\\\/\\\/noam.dk\\\/\"},{\"@type\":\"ListItem\",\"position\":2,\"name\":\"Shop\",\"item\":\"https:\\\/\\\/noam.dk\\\/?page_id=8\"},{\"@type\":\"ListItem\",\"position\":3,\"name\":\"Solitary Man (Blu-Ray)\"}]},{\"@type\":\"WebSite\",\"@id\":\"https:\\\/\\\/noam.dk\\\/#website\",\"url\":\"https:\\\/\\\/noam.dk\\\/\",\"name\":\"Noam.dk\",\"description\":\"\",\"publisher\":{\"@id\":\"https:\\\/\\\/noam.dk\\\/#organization\"},\"potentialAction\":[{\"@type\":\"SearchAction\",\"target\":{\"@type\":\"EntryPoint\",\"urlTemplate\":\"https:\\\/\\\/noam.dk\\\/?s={search_term_string}\"},\"query-input\":{\"@type\":\"PropertyValueSpecification\",\"valueRequired\":true,\"valueName\":\"search_term_string\"}}],\"inLanguage\":\"da-DK\"},{\"@type\":\"Organization\",\"@id\":\"https:\\\/\\\/noam.dk\\\/#organization\",\"name\":\"Noam.dk\",\"url\":\"https:\\\/\\\/noam.dk\\\/\",\"logo\":{\"@type\":\"ImageObject\",\"inLanguage\":\"da-DK\",\"@id\":\"https:\\\/\\\/noam.dk\\\/#\\\/schema\\\/logo\\\/image\\\/\",\"url\":\"https:\\\/\\\/noam.dk\\\/wp-content\\\/uploads\\\/2026\\\/04\\\/noams-n-logo.jpg\",\"contentUrl\":\"https:\\\/\\\/noam.dk\\\/wp-content\\\/uploads\\\/2026\\\/04\\\/noams-n-logo.jpg\",\"width\":119,\"height\":108,\"caption\":\"Noam.dk\"},\"image\":{\"@id\":\"https:\\\/\\\/noam.dk\\\/#\\\/schema\\\/logo\\\/image\\\/\"},\"sameAs\":[\"https:\\\/\\\/www.facebook.com\\\/noamsdk\"]}]}<\/script>\n<!-- \/ Yoast SEO plugin. -->","yoast_head_json":{"title":"Solitary Man (Blu-Ray) - Noam.dk","robots":{"index":"index","follow":"follow","max-snippet":"max-snippet:-1","max-image-preview":"max-image-preview:large","max-video-preview":"max-video-preview:-1"},"canonical":"https:\/\/noam.dk\/?product=solitary-man-blu-ray","og_locale":"da_DK","og_type":"article","og_title":"Solitary Man (Blu-Ray) - Noam.dk","og_description":"Den engang succesfulde bilforhandler og kvindebed\u00e5rer Ben har med pyntede regnskaber og utroskab sat b\u00e5de forretningsimperium og \u00e6gteskab over styr. [&hellip;]","og_url":"https:\/\/noam.dk\/?product=solitary-man-blu-ray","og_site_name":"Noam.dk","article_publisher":"https:\/\/www.facebook.com\/noamsdk","article_modified_time":"2026-04-11T11:02:53+00:00","twitter_card":"summary_large_image","twitter_misc":{"Estimeret l\u00e6setid":"1 minut"},"schema":{"@context":"https:\/\/schema.org","@graph":[{"@type":"WebPage","@id":"https:\/\/noam.dk\/?product=solitary-man-blu-ray","url":"https:\/\/noam.dk\/?product=solitary-man-blu-ray","name":"Solitary Man (Blu-Ray) - Noam.dk","isPartOf":{"@id":"https:\/\/noam.dk\/#website"},"datePublished":"2026-04-04T20:47:12+00:00","dateModified":"2026-04-11T11:02:53+00:00","breadcrumb":{"@id":"https:\/\/noam.dk\/?product=solitary-man-blu-ray#breadcrumb"},"inLanguage":"da-DK","potentialAction":[{"@type":"ReadAction","target":["https:\/\/noam.dk\/?product=solitary-man-blu-ray"]}]},{"@type":"BreadcrumbList","@id":"https:\/\/noam.dk\/?product=solitary-man-blu-ray#breadcrumb","itemListElement":[{"@type":"ListItem","position":1,"name":"Hjem","item":"https:\/\/noam.dk\/"},{"@type":"ListItem","position":2,"name":"Shop","item":"https:\/\/noam.dk\/?page_id=8"},{"@type":"ListItem","position":3,"name":"Solitary Man (Blu-Ray)"}]},{"@type":"WebSite","@id":"https:\/\/noam.dk\/#website","url":"https:\/\/noam.dk\/","name":"Noam.dk","description":"","publisher":{"@id":"https:\/\/noam.dk\/#organization"},"potentialAction":[{"@type":"SearchAction","target":{"@type":"EntryPoint","urlTemplate":"https:\/\/noam.dk\/?s={search_term_string}"},"query-input":{"@type":"PropertyValueSpecification","valueRequired":true,"valueName":"search_term_string"}}],"inLanguage":"da-DK"},{"@type":"Organization","@id":"https:\/\/noam.dk\/#organization","name":"Noam.dk","url":"https:\/\/noam.dk\/","logo":{"@type":"ImageObject","inLanguage":"da-DK","@id":"https:\/\/noam.dk\/#\/schema\/logo\/image\/","url":"https:\/\/noam.dk\/wp-content\/uploads\/2026\/04\/noams-n-logo.jpg","contentUrl":"https:\/\/noam.dk\/wp-content\/uploads\/2026\/04\/noams-n-logo.jpg","width":119,"height":108,"caption":"Noam.dk"},"image":{"@id":"https:\/\/noam.dk\/#\/schema\/logo\/image\/"},"sameAs":["https:\/\/www.facebook.com\/noamsdk"]}]}},"jetpack_sharing_enabled":true,"_links":{"self":[{"href":"https:\/\/noam.dk\/index.php?rest_route=\/wp\/v2\/product\/6274","targetHints":{"allow":["GET"]}}],"collection":[{"href":"https:\/\/noam.dk\/index.php?rest_route=\/wp\/v2\/product"}],"about":[{"href":"https:\/\/noam.dk\/index.php?rest_route=\/wp\/v2\/types\/product"}],"replies":[{"embeddable":true,"href":"https:\/\/noam.dk\/index.php?rest_route=%2Fwp%2Fv2%2Fcomments&post=6274"}],"wp:attachment":[{"href":"https:\/\/noam.dk\/index.php?rest_route=%2Fwp%2Fv2%2Fmedia&parent=6274"}],"wp:term":[{"taxonomy":"product_brand","embeddable":true,"href":"https:\/\/noam.dk\/index.php?rest_route=%2Fwp%2Fv2%2Fproduct_brand&post=6274"},{"taxonomy":"product_cat","embeddable":true,"href":"https:\/\/noam.dk\/index.php?rest_route=%2Fwp%2Fv2%2Fproduct_cat&post=6274"},{"taxonomy":"product_tag","embeddable":true,"href":"https:\/\/noam.dk\/index.php?rest_route=%2Fwp%2Fv2%2Fproduct_tag&post=6274"}],"curies":[{"name":"wp","href":"https:\/\/api.w.org\/{rel}","templated":true}]}}